{"id":169486,"date":"2023-11-04T17:15:11","date_gmt":"2023-11-04T20:15:11","guid":{"rendered":"https:\/\/truckcenternet.com.br\/site2\/?post_type=product&#038;p=169486"},"modified":"2024-02-07T12:25:50","modified_gmt":"2024-02-07T15:25:50","slug":"digipratic-plus-2","status":"publish","type":"product","link":"https:\/\/truckcenternet.com.br\/site2\/product\/digipratic-plus-2\/","title":{"rendered":"DIGIPRATIC PLUS +"},"content":{"rendered":"<table class=\"tabelaproduto\">\n<tbody>\n<tr>\n<td><img decoding=\"async\" src=\"https:\/\/truckcenternet.com.br\/site2\/wp-content\/uploads\/2023\/08\/produto-item01.png\" \/><\/td>\n<td><img decoding=\"async\" src=\"https:\/\/truckcenternet.com.br\/site2\/wp-content\/uploads\/2023\/12\/produto-item02-v2.png\" \/><\/td>\n<\/tr>\n<\/tbody>\n<\/table>\n<p><span style=\"font-weight: 400;\">O Alinhador de Rodas Digipratic Plus \u00e9 um equipamento digital que utiliza sistema a laser para medi\u00e7\u00e3o da geometria de dire\u00e7\u00e3o autom\u00f3veis, caminh\u00f5es, \u00f4nibus e semirreboques.<\/span><\/p>\n<p><span style=\"font-weight: 400;\">Faz medi\u00e7\u00f5es em eixos dianteiros e traseiros sem movimentar o ve\u00edculo e pode ser utilizado em pisos e valas.<\/span><\/p>\n<p><span style=\"font-weight: 400;\">Possui projetores modernos com tela TOUCH SCREEN, transmiss\u00e3o de dados via wireless com leitura eletr\u00f4nica simult\u00e2nea entre os projetores ao computador (n\u00e3o fornecido) permitindo que os ajustes mec\u00e2nicos sejam executados de forma r\u00e1pida e precisa.<\/span><\/p>\n<p><span style=\"font-weight: 400;\">Para compras diretas com representantes Truck Center, o cliente obter\u00e1 gratuidade de atualiza\u00e7\u00e3o do software exclusivo de alinhamento e o banco de dados TC DATA CLOUD gratuito por at\u00e9 3 anos, conforme previsto na negocia\u00e7\u00e3o!<\/span><\/p>\n","protected":false},"excerpt":{"rendered":"<p>O Alinhador de Rodas Digipratic Plus \u00e9 um equipamento digital que utiliza sistema a laser para medi\u00e7\u00e3o da geometria de dire\u00e7\u00e3o autom\u00f3veis, caminh\u00f5es, \u00f4nibus e semirreboques. Faz medi\u00e7\u00f5es em eixos dianteiros e traseiros sem movimentar o ve\u00edculo e pode ser utilizado em pisos e valas. Possui projetores modernos com tela TOUCH SCREEN, transmiss\u00e3o de dados [&hellip;]<\/p>\n","protected":false},"featured_media":169759,"comment_status":"closed","ping_status":"closed","template":"","meta":{"inline_featured_image":false},"product_cat":[104,105,42],"product_tag":[],"class_list":{"0":"post-169486","1":"product","2":"type-product","3":"status-publish","4":"has-post-thumbnail","6":"product_cat-alinhadores-linha-leve","7":"product_cat-lancamentos-2023-linha-leve","8":"product_cat-linha-leve","10":"first","11":"instock","12":"shipping-taxable","13":"purchasable","14":"product-type-variable"},"yoast_head":"<!-- This site is optimized with the Yoast SEO plugin v22.0 - https:\/\/yoast.com\/wordpress\/plugins\/seo\/ -->\n<title>DIGIPRATIC PLUS + - TRUCKCENTER<\/title>\n<meta name=\"robots\" content=\"index, follow, max-snippet:-1, max-image-preview:large, max-video-preview:-1\" \/>\n<link rel=\"canonical\" href=\"https:\/\/truckcenternet.com.br\/site2\/product\/digipratic-plus-2\/\" \/>\n<meta property=\"og:locale\" content=\"pt_BR\" \/>\n<meta property=\"og:type\" content=\"article\" \/>\n<meta property=\"og:title\" content=\"DIGIPRATIC PLUS + - TRUCKCENTER\" \/>\n<meta property=\"og:description\" content=\"O Alinhador de Rodas Digipratic Plus \u00e9 um equipamento digital que utiliza sistema a laser para medi\u00e7\u00e3o da geometria de dire\u00e7\u00e3o autom\u00f3veis, caminh\u00f5es, \u00f4nibus e semirreboques. Faz medi\u00e7\u00f5es em eixos dianteiros e traseiros sem movimentar o ve\u00edculo e pode ser utilizado em pisos e valas. Possui projetores modernos com tela TOUCH SCREEN, transmiss\u00e3o de dados [&hellip;]\" \/>\n<meta property=\"og:url\" content=\"https:\/\/truckcenternet.com.br\/site2\/product\/digipratic-plus-2\/\" \/>\n<meta property=\"og:site_name\" content=\"TRUCKCENTER\" \/>\n<meta property=\"article:publisher\" content=\"https:\/\/www.facebook.com\/TruckCenterEquipamentos\" \/>\n<meta property=\"article:modified_time\" content=\"2024-02-07T15:25:50+00:00\" \/>\n<meta property=\"og:image\" content=\"https:\/\/truckcenternet.com.br\/site2\/wp-content\/uploads\/2023\/11\/Prancheta-19digipratic-L.jpg\" \/>\n\t<meta property=\"og:image:width\" content=\"1000\" \/>\n\t<meta property=\"og:image:height\" content=\"1000\" \/>\n\t<meta property=\"og:image:type\" content=\"image\/jpeg\" \/>\n<meta name=\"twitter:card\" content=\"summary_large_image\" \/>\n<meta name=\"twitter:label1\" content=\"Est. tempo de leitura\" \/>\n\t<meta name=\"twitter:data1\" content=\"2 minutos\" \/>\n<script type=\"application\/ld+json\" class=\"yoast-schema-graph\">{\"@context\":\"https:\/\/schema.org\",\"@graph\":[{\"@type\":\"WebPage\",\"@id\":\"https:\/\/truckcenternet.com.br\/site2\/product\/digipratic-plus-2\/\",\"url\":\"https:\/\/truckcenternet.com.br\/site2\/product\/digipratic-plus-2\/\",\"name\":\"DIGIPRATIC PLUS + - TRUCKCENTER\",\"isPartOf\":{\"@id\":\"https:\/\/truckcenternet.com.br\/site2\/#website\"},\"datePublished\":\"2023-11-04T20:15:11+00:00\",\"dateModified\":\"2024-02-07T15:25:50+00:00\",\"breadcrumb\":{\"@id\":\"https:\/\/truckcenternet.com.br\/site2\/product\/digipratic-plus-2\/#breadcrumb\"},\"inLanguage\":\"pt-BR\",\"potentialAction\":[{\"@type\":\"ReadAction\",\"target\":[\"https:\/\/truckcenternet.com.br\/site2\/product\/digipratic-plus-2\/\"]}]},{\"@type\":\"BreadcrumbList\",\"@id\":\"https:\/\/truckcenternet.com.br\/site2\/product\/digipratic-plus-2\/#breadcrumb\",\"itemListElement\":[{\"@type\":\"ListItem\",\"position\":1,\"name\":\"In\u00edcio\",\"item\":\"https:\/\/truckcenternet.com.br\/site2\/\"},{\"@type\":\"ListItem\",\"position\":2,\"name\":\"Shop\",\"item\":\"https:\/\/truckcenternet.com.br\/site2\/shop\/\"},{\"@type\":\"ListItem\",\"position\":3,\"name\":\"DIGIPRATIC PLUS +\"}]},{\"@type\":\"WebSite\",\"@id\":\"https:\/\/truckcenternet.com.br\/site2\/#website\",\"url\":\"https:\/\/truckcenternet.com.br\/site2\/\",\"name\":\"TRUCKCENTER\",\"description\":\"\",\"publisher\":{\"@id\":\"https:\/\/truckcenternet.com.br\/site2\/#organization\"},\"potentialAction\":[{\"@type\":\"SearchAction\",\"target\":{\"@type\":\"EntryPoint\",\"urlTemplate\":\"https:\/\/truckcenternet.com.br\/site2\/?s={search_term_string}\"},\"query-input\":\"required name=search_term_string\"}],\"inLanguage\":\"pt-BR\"},{\"@type\":\"Organization\",\"@id\":\"https:\/\/truckcenternet.com.br\/site2\/#organization\",\"name\":\"TRUCKCENTER\",\"url\":\"https:\/\/truckcenternet.com.br\/site2\/\",\"logo\":{\"@type\":\"ImageObject\",\"inLanguage\":\"pt-BR\",\"@id\":\"https:\/\/truckcenternet.com.br\/site2\/#\/schema\/logo\/image\/\",\"url\":\"https:\/\/truckcenternet.com.br\/site2\/wp-content\/uploads\/2023\/08\/logo-1.png\",\"contentUrl\":\"https:\/\/truckcenternet.com.br\/site2\/wp-content\/uploads\/2023\/08\/logo-1.png\",\"width\":670,\"height\":198,\"caption\":\"TRUCKCENTER\"},\"image\":{\"@id\":\"https:\/\/truckcenternet.com.br\/site2\/#\/schema\/logo\/image\/\"},\"sameAs\":[\"https:\/\/www.facebook.com\/TruckCenterEquipamentos\",\"https:\/\/www.instagram.com\/truckcenter_br\/\",\"https:\/\/br.linkedin.com\/company\/truckcenter\",\"https:\/\/www.youtube.com\/@TruckCenterTV\"]}]}<\/script>\n<!-- \/ Yoast SEO plugin. -->","yoast_head_json":{"title":"DIGIPRATIC PLUS + - TRUCKCENTER","robots":{"index":"index","follow":"follow","max-snippet":"max-snippet:-1","max-image-preview":"max-image-preview:large","max-video-preview":"max-video-preview:-1"},"canonical":"https:\/\/truckcenternet.com.br\/site2\/product\/digipratic-plus-2\/","og_locale":"pt_BR","og_type":"article","og_title":"DIGIPRATIC PLUS + - TRUCKCENTER","og_description":"O Alinhador de Rodas Digipratic Plus \u00e9 um equipamento digital que utiliza sistema a laser para medi\u00e7\u00e3o da geometria de dire\u00e7\u00e3o autom\u00f3veis, caminh\u00f5es, \u00f4nibus e semirreboques. Faz medi\u00e7\u00f5es em eixos dianteiros e traseiros sem movimentar o ve\u00edculo e pode ser utilizado em pisos e valas. Possui projetores modernos com tela TOUCH SCREEN, transmiss\u00e3o de dados [&hellip;]","og_url":"https:\/\/truckcenternet.com.br\/site2\/product\/digipratic-plus-2\/","og_site_name":"TRUCKCENTER","article_publisher":"https:\/\/www.facebook.com\/TruckCenterEquipamentos","article_modified_time":"2024-02-07T15:25:50+00:00","og_image":[{"width":1000,"height":1000,"url":"https:\/\/truckcenternet.com.br\/site2\/wp-content\/uploads\/2023\/11\/Prancheta-19digipratic-L.jpg","type":"image\/jpeg"}],"twitter_card":"summary_large_image","twitter_misc":{"Est. tempo de leitura":"2 minutos"},"schema":{"@context":"https:\/\/schema.org","@graph":[{"@type":"WebPage","@id":"https:\/\/truckcenternet.com.br\/site2\/product\/digipratic-plus-2\/","url":"https:\/\/truckcenternet.com.br\/site2\/product\/digipratic-plus-2\/","name":"DIGIPRATIC PLUS + - TRUCKCENTER","isPartOf":{"@id":"https:\/\/truckcenternet.com.br\/site2\/#website"},"datePublished":"2023-11-04T20:15:11+00:00","dateModified":"2024-02-07T15:25:50+00:00","breadcrumb":{"@id":"https:\/\/truckcenternet.com.br\/site2\/product\/digipratic-plus-2\/#breadcrumb"},"inLanguage":"pt-BR","potentialAction":[{"@type":"ReadAction","target":["https:\/\/truckcenternet.com.br\/site2\/product\/digipratic-plus-2\/"]}]},{"@type":"BreadcrumbList","@id":"https:\/\/truckcenternet.com.br\/site2\/product\/digipratic-plus-2\/#breadcrumb","itemListElement":[{"@type":"ListItem","position":1,"name":"In\u00edcio","item":"https:\/\/truckcenternet.com.br\/site2\/"},{"@type":"ListItem","position":2,"name":"Shop","item":"https:\/\/truckcenternet.com.br\/site2\/shop\/"},{"@type":"ListItem","position":3,"name":"DIGIPRATIC PLUS +"}]},{"@type":"WebSite","@id":"https:\/\/truckcenternet.com.br\/site2\/#website","url":"https:\/\/truckcenternet.com.br\/site2\/","name":"TRUCKCENTER","description":"","publisher":{"@id":"https:\/\/truckcenternet.com.br\/site2\/#organization"},"potentialAction":[{"@type":"SearchAction","target":{"@type":"EntryPoint","urlTemplate":"https:\/\/truckcenternet.com.br\/site2\/?s={search_term_string}"},"query-input":"required name=search_term_string"}],"inLanguage":"pt-BR"},{"@type":"Organization","@id":"https:\/\/truckcenternet.com.br\/site2\/#organization","name":"TRUCKCENTER","url":"https:\/\/truckcenternet.com.br\/site2\/","logo":{"@type":"ImageObject","inLanguage":"pt-BR","@id":"https:\/\/truckcenternet.com.br\/site2\/#\/schema\/logo\/image\/","url":"https:\/\/truckcenternet.com.br\/site2\/wp-content\/uploads\/2023\/08\/logo-1.png","contentUrl":"https:\/\/truckcenternet.com.br\/site2\/wp-content\/uploads\/2023\/08\/logo-1.png","width":670,"height":198,"caption":"TRUCKCENTER"},"image":{"@id":"https:\/\/truckcenternet.com.br\/site2\/#\/schema\/logo\/image\/"},"sameAs":["https:\/\/www.facebook.com\/TruckCenterEquipamentos","https:\/\/www.instagram.com\/truckcenter_br\/","https:\/\/br.linkedin.com\/company\/truckcenter","https:\/\/www.youtube.com\/@TruckCenterTV"]}]}},"_links":{"self":[{"href":"https:\/\/truckcenternet.com.br\/site2\/wp-json\/wp\/v2\/product\/169486","targetHints":{"allow":["GET"]}}],"collection":[{"href":"https:\/\/truckcenternet.com.br\/site2\/wp-json\/wp\/v2\/product"}],"about":[{"href":"https:\/\/truckcenternet.com.br\/site2\/wp-json\/wp\/v2\/types\/product"}],"replies":[{"embeddable":true,"href":"https:\/\/truckcenternet.com.br\/site2\/wp-json\/wp\/v2\/comments?post=169486"}],"wp:featuredmedia":[{"embeddable":true,"href":"https:\/\/truckcenternet.com.br\/site2\/wp-json\/wp\/v2\/media\/169759"}],"wp:attachment":[{"href":"https:\/\/truckcenternet.com.br\/site2\/wp-json\/wp\/v2\/media?parent=169486"}],"wp:term":[{"taxonomy":"product_cat","embeddable":true,"href":"https:\/\/truckcenternet.com.br\/site2\/wp-json\/wp\/v2\/product_cat?post=169486"},{"taxonomy":"product_tag","embeddable":true,"href":"https:\/\/truckcenternet.com.br\/site2\/wp-json\/wp\/v2\/product_tag?post=169486"}],"curies":[{"name":"wp","href":"https:\/\/api.w.org\/{rel}","templated":true}]}}