{"id":168065,"date":"2023-11-08T14:38:57","date_gmt":"2023-11-08T17:38:57","guid":{"rendered":"https:\/\/truckcenternet.com.br\/site2\/?post_type=product&#038;p=168065"},"modified":"2024-02-07T13:34:30","modified_gmt":"2024-02-07T16:34:30","slug":"maxiauto-b","status":"publish","type":"product","link":"https:\/\/truckcenternet.com.br\/site2\/product\/maxiauto-b\/","title":{"rendered":"MAXIAUTO B"},"content":{"rendered":"<p>A Montadora e Desmontadora de Pneus Maxiauto B \u00e9 um equipamento completo e moderno, considerado top de linha. Foi desenvolvida com objetivo de automatizar e agilizar a montagem e desmontagem de pneus de autom\u00f3veis e caminhonetes, inclusive pneus de perfil esportivo (baixo), run flat e\/ou blindados com o aux\u00edlio do bra\u00e7o auxiliar, e, ainda, de motocicletas, com aux\u00edlio de adaptadores especiais (opcional).<\/p>\n<p>Com tecnologia super eficiente, coluna articulada, vem com mesa de fixa\u00e7\u00e3o do aro com giro em duplo sentido (hor\u00e1rio e anti-hor\u00e1rio). De simples opera\u00e7\u00e3o, transmite facilidade e seguran\u00e7a no manuseio do conjunto roda\/pneu pelo operador.<\/p>\n<p>Al\u00e9m disso, a Montadora e Desmontadora de Pneus Maxiauto B vem com sistema de lubrifil que garante uma perfeita lubrifica\u00e7\u00e3o e maior durabilidade.<br \/>\n<br clear=\"all\"\/><br \/>\n<a class=\"btnproduto\" href=\"https:\/\/truckcenternet.com.br\/site2\/wp-content\/uploads\/2024\/02\/MOP-MAXIAUTO-B-2019-REV04-17-11-22.pdf\" target=\"_blank\" rel=\"noopener\">MANUAL DE OPERA\u00c7\u00c3O<\/a><\/p>\n","protected":false},"excerpt":{"rendered":"<p>A Montadora e Desmontadora de Pneus Maxiauto B \u00e9 um equipamento completo e moderno, considerado top de linha. Foi desenvolvida com objetivo de automatizar e agilizar a montagem e desmontagem de pneus de autom\u00f3veis e caminhonetes, inclusive pneus de perfil esportivo (baixo), run flat e\/ou blindados com o aux\u00edlio do bra\u00e7o auxiliar, e, ainda, de [&hellip;]<\/p>\n","protected":false},"featured_media":169111,"comment_status":"closed","ping_status":"closed","template":"","meta":{"inline_featured_image":false},"product_cat":[42,106],"product_tag":[],"class_list":{"0":"post-168065","1":"product","2":"type-product","3":"status-publish","4":"has-post-thumbnail","6":"product_cat-linha-leve","7":"product_cat-montadoras-e-desmontadoras-linha-leve-2","9":"first","10":"instock","11":"shipping-taxable","12":"purchasable","13":"product-type-variable"},"yoast_head":"<!-- This site is optimized with the Yoast SEO plugin v22.0 - https:\/\/yoast.com\/wordpress\/plugins\/seo\/ -->\n<title>MAXIAUTO B - TRUCKCENTER<\/title>\n<meta name=\"robots\" content=\"index, follow, max-snippet:-1, max-image-preview:large, max-video-preview:-1\" \/>\n<link rel=\"canonical\" href=\"https:\/\/truckcenternet.com.br\/site2\/product\/maxiauto-b\/\" \/>\n<meta property=\"og:locale\" content=\"pt_BR\" \/>\n<meta property=\"og:type\" content=\"article\" \/>\n<meta property=\"og:title\" content=\"MAXIAUTO B - TRUCKCENTER\" \/>\n<meta property=\"og:description\" content=\"A Montadora e Desmontadora de Pneus Maxiauto B \u00e9 um equipamento completo e moderno, considerado top de linha. Foi desenvolvida com objetivo de automatizar e agilizar a montagem e desmontagem de pneus de autom\u00f3veis e caminhonetes, inclusive pneus de perfil esportivo (baixo), run flat e\/ou blindados com o aux\u00edlio do bra\u00e7o auxiliar, e, ainda, de [&hellip;]\" \/>\n<meta property=\"og:url\" content=\"https:\/\/truckcenternet.com.br\/site2\/product\/maxiauto-b\/\" \/>\n<meta property=\"og:site_name\" content=\"TRUCKCENTER\" \/>\n<meta property=\"article:publisher\" content=\"https:\/\/www.facebook.com\/TruckCenterEquipamentos\" \/>\n<meta property=\"article:modified_time\" content=\"2024-02-07T16:34:30+00:00\" \/>\n<meta property=\"og:image\" content=\"https:\/\/truckcenternet.com.br\/site2\/wp-content\/uploads\/2023\/11\/Maxiauto-B-Cinza-4-2.png\" \/>\n\t<meta property=\"og:image:width\" content=\"1000\" \/>\n\t<meta property=\"og:image:height\" content=\"1000\" \/>\n\t<meta property=\"og:image:type\" content=\"image\/png\" \/>\n<meta name=\"twitter:card\" content=\"summary_large_image\" \/>\n<meta name=\"twitter:label1\" content=\"Est. tempo de leitura\" \/>\n\t<meta name=\"twitter:data1\" content=\"1 minuto\" \/>\n<script type=\"application\/ld+json\" class=\"yoast-schema-graph\">{\"@context\":\"https:\/\/schema.org\",\"@graph\":[{\"@type\":\"WebPage\",\"@id\":\"https:\/\/truckcenternet.com.br\/site2\/product\/maxiauto-b\/\",\"url\":\"https:\/\/truckcenternet.com.br\/site2\/product\/maxiauto-b\/\",\"name\":\"MAXIAUTO B - TRUCKCENTER\",\"isPartOf\":{\"@id\":\"https:\/\/truckcenternet.com.br\/site2\/#website\"},\"datePublished\":\"2023-11-08T17:38:57+00:00\",\"dateModified\":\"2024-02-07T16:34:30+00:00\",\"breadcrumb\":{\"@id\":\"https:\/\/truckcenternet.com.br\/site2\/product\/maxiauto-b\/#breadcrumb\"},\"inLanguage\":\"pt-BR\",\"potentialAction\":[{\"@type\":\"ReadAction\",\"target\":[\"https:\/\/truckcenternet.com.br\/site2\/product\/maxiauto-b\/\"]}]},{\"@type\":\"BreadcrumbList\",\"@id\":\"https:\/\/truckcenternet.com.br\/site2\/product\/maxiauto-b\/#breadcrumb\",\"itemListElement\":[{\"@type\":\"ListItem\",\"position\":1,\"name\":\"In\u00edcio\",\"item\":\"https:\/\/truckcenternet.com.br\/site2\/\"},{\"@type\":\"ListItem\",\"position\":2,\"name\":\"Shop\",\"item\":\"https:\/\/truckcenternet.com.br\/site2\/shop\/\"},{\"@type\":\"ListItem\",\"position\":3,\"name\":\"MAXIAUTO B\"}]},{\"@type\":\"WebSite\",\"@id\":\"https:\/\/truckcenternet.com.br\/site2\/#website\",\"url\":\"https:\/\/truckcenternet.com.br\/site2\/\",\"name\":\"TRUCKCENTER\",\"description\":\"\",\"publisher\":{\"@id\":\"https:\/\/truckcenternet.com.br\/site2\/#organization\"},\"potentialAction\":[{\"@type\":\"SearchAction\",\"target\":{\"@type\":\"EntryPoint\",\"urlTemplate\":\"https:\/\/truckcenternet.com.br\/site2\/?s={search_term_string}\"},\"query-input\":\"required name=search_term_string\"}],\"inLanguage\":\"pt-BR\"},{\"@type\":\"Organization\",\"@id\":\"https:\/\/truckcenternet.com.br\/site2\/#organization\",\"name\":\"TRUCKCENTER\",\"url\":\"https:\/\/truckcenternet.com.br\/site2\/\",\"logo\":{\"@type\":\"ImageObject\",\"inLanguage\":\"pt-BR\",\"@id\":\"https:\/\/truckcenternet.com.br\/site2\/#\/schema\/logo\/image\/\",\"url\":\"https:\/\/truckcenternet.com.br\/site2\/wp-content\/uploads\/2023\/08\/logo-1.png\",\"contentUrl\":\"https:\/\/truckcenternet.com.br\/site2\/wp-content\/uploads\/2023\/08\/logo-1.png\",\"width\":670,\"height\":198,\"caption\":\"TRUCKCENTER\"},\"image\":{\"@id\":\"https:\/\/truckcenternet.com.br\/site2\/#\/schema\/logo\/image\/\"},\"sameAs\":[\"https:\/\/www.facebook.com\/TruckCenterEquipamentos\",\"https:\/\/www.instagram.com\/truckcenter_br\/\",\"https:\/\/br.linkedin.com\/company\/truckcenter\",\"https:\/\/www.youtube.com\/@TruckCenterTV\"]}]}<\/script>\n<!-- \/ Yoast SEO plugin. -->","yoast_head_json":{"title":"MAXIAUTO B - TRUCKCENTER","robots":{"index":"index","follow":"follow","max-snippet":"max-snippet:-1","max-image-preview":"max-image-preview:large","max-video-preview":"max-video-preview:-1"},"canonical":"https:\/\/truckcenternet.com.br\/site2\/product\/maxiauto-b\/","og_locale":"pt_BR","og_type":"article","og_title":"MAXIAUTO B - TRUCKCENTER","og_description":"A Montadora e Desmontadora de Pneus Maxiauto B \u00e9 um equipamento completo e moderno, considerado top de linha. Foi desenvolvida com objetivo de automatizar e agilizar a montagem e desmontagem de pneus de autom\u00f3veis e caminhonetes, inclusive pneus de perfil esportivo (baixo), run flat e\/ou blindados com o aux\u00edlio do bra\u00e7o auxiliar, e, ainda, de [&hellip;]","og_url":"https:\/\/truckcenternet.com.br\/site2\/product\/maxiauto-b\/","og_site_name":"TRUCKCENTER","article_publisher":"https:\/\/www.facebook.com\/TruckCenterEquipamentos","article_modified_time":"2024-02-07T16:34:30+00:00","og_image":[{"width":1000,"height":1000,"url":"https:\/\/truckcenternet.com.br\/site2\/wp-content\/uploads\/2023\/11\/Maxiauto-B-Cinza-4-2.png","type":"image\/png"}],"twitter_card":"summary_large_image","twitter_misc":{"Est. tempo de leitura":"1 minuto"},"schema":{"@context":"https:\/\/schema.org","@graph":[{"@type":"WebPage","@id":"https:\/\/truckcenternet.com.br\/site2\/product\/maxiauto-b\/","url":"https:\/\/truckcenternet.com.br\/site2\/product\/maxiauto-b\/","name":"MAXIAUTO B - TRUCKCENTER","isPartOf":{"@id":"https:\/\/truckcenternet.com.br\/site2\/#website"},"datePublished":"2023-11-08T17:38:57+00:00","dateModified":"2024-02-07T16:34:30+00:00","breadcrumb":{"@id":"https:\/\/truckcenternet.com.br\/site2\/product\/maxiauto-b\/#breadcrumb"},"inLanguage":"pt-BR","potentialAction":[{"@type":"ReadAction","target":["https:\/\/truckcenternet.com.br\/site2\/product\/maxiauto-b\/"]}]},{"@type":"BreadcrumbList","@id":"https:\/\/truckcenternet.com.br\/site2\/product\/maxiauto-b\/#breadcrumb","itemListElement":[{"@type":"ListItem","position":1,"name":"In\u00edcio","item":"https:\/\/truckcenternet.com.br\/site2\/"},{"@type":"ListItem","position":2,"name":"Shop","item":"https:\/\/truckcenternet.com.br\/site2\/shop\/"},{"@type":"ListItem","position":3,"name":"MAXIAUTO B"}]},{"@type":"WebSite","@id":"https:\/\/truckcenternet.com.br\/site2\/#website","url":"https:\/\/truckcenternet.com.br\/site2\/","name":"TRUCKCENTER","description":"","publisher":{"@id":"https:\/\/truckcenternet.com.br\/site2\/#organization"},"potentialAction":[{"@type":"SearchAction","target":{"@type":"EntryPoint","urlTemplate":"https:\/\/truckcenternet.com.br\/site2\/?s={search_term_string}"},"query-input":"required name=search_term_string"}],"inLanguage":"pt-BR"},{"@type":"Organization","@id":"https:\/\/truckcenternet.com.br\/site2\/#organization","name":"TRUCKCENTER","url":"https:\/\/truckcenternet.com.br\/site2\/","logo":{"@type":"ImageObject","inLanguage":"pt-BR","@id":"https:\/\/truckcenternet.com.br\/site2\/#\/schema\/logo\/image\/","url":"https:\/\/truckcenternet.com.br\/site2\/wp-content\/uploads\/2023\/08\/logo-1.png","contentUrl":"https:\/\/truckcenternet.com.br\/site2\/wp-content\/uploads\/2023\/08\/logo-1.png","width":670,"height":198,"caption":"TRUCKCENTER"},"image":{"@id":"https:\/\/truckcenternet.com.br\/site2\/#\/schema\/logo\/image\/"},"sameAs":["https:\/\/www.facebook.com\/TruckCenterEquipamentos","https:\/\/www.instagram.com\/truckcenter_br\/","https:\/\/br.linkedin.com\/company\/truckcenter","https:\/\/www.youtube.com\/@TruckCenterTV"]}]}},"_links":{"self":[{"href":"https:\/\/truckcenternet.com.br\/site2\/wp-json\/wp\/v2\/product\/168065","targetHints":{"allow":["GET"]}}],"collection":[{"href":"https:\/\/truckcenternet.com.br\/site2\/wp-json\/wp\/v2\/product"}],"about":[{"href":"https:\/\/truckcenternet.com.br\/site2\/wp-json\/wp\/v2\/types\/product"}],"replies":[{"embeddable":true,"href":"https:\/\/truckcenternet.com.br\/site2\/wp-json\/wp\/v2\/comments?post=168065"}],"wp:featuredmedia":[{"embeddable":true,"href":"https:\/\/truckcenternet.com.br\/site2\/wp-json\/wp\/v2\/media\/169111"}],"wp:attachment":[{"href":"https:\/\/truckcenternet.com.br\/site2\/wp-json\/wp\/v2\/media?parent=168065"}],"wp:term":[{"taxonomy":"product_cat","embeddable":true,"href":"https:\/\/truckcenternet.com.br\/site2\/wp-json\/wp\/v2\/product_cat?post=168065"},{"taxonomy":"product_tag","embeddable":true,"href":"https:\/\/truckcenternet.com.br\/site2\/wp-json\/wp\/v2\/product_tag?post=168065"}],"curies":[{"name":"wp","href":"https:\/\/api.w.org\/{rel}","templated":true}]}}