{"id":167976,"date":"2023-11-14T14:06:43","date_gmt":"2023-11-14T17:06:43","guid":{"rendered":"https:\/\/truckcenternet.com.br\/site2\/?post_type=product&#038;p=167976"},"modified":"2024-02-07T13:31:46","modified_gmt":"2024-02-07T16:31:46","slug":"garra-smart","status":"publish","type":"product","link":"https:\/\/truckcenternet.com.br\/site2\/product\/garra-smart\/","title":{"rendered":"Garra Smart"},"content":{"rendered":"<table class=\"tabelaproduto\">\n<tbody>\n<tr>\n<td><img decoding=\"async\" src=\"https:\/\/truckcenternet.com.br\/site2\/wp-content\/uploads\/2023\/12\/produto-item02-v2.png\" \/><\/td>\n<\/tr>\n<\/tbody>\n<\/table>\n<p>A Garra Smart \u00e9 um acess\u00f3rio exclusivo utilizado em conjunto com os alinhadores de rodas Truck Center e permite opera\u00e7\u00f5es de alinhamento com precis\u00e3o e rapidez, pois reduz o tempo de medi\u00e7\u00e3o em at\u00e9 65%.\u00a0 Al\u00e9m disso, elimina a necessidade de compensa\u00e7\u00e3o da deforma\u00e7\u00e3o das rodas (RUN-OUT).<\/p>\n<p>Pode ser calibrada pelo pr\u00f3prio operador, com procedimento simples e r\u00e1pido.<\/p>\n<p>A Garra Smart \u00e9 indicada para uso em autom\u00f3veis e utilit\u00e1rios com rodas de 10\u2033 a 24\u2033 e pode ser fixada em pneus de perfil baixo ou com protetor de borda, em que outras garras n\u00e3o consigam prender e por utilizar o pneu como ponto de fixa\u00e7\u00e3o ela n\u00e3o apresenta o risco de riscar a roda.<br \/>\n<br clear=\"all\"\/><br \/>\n<a class=\"btnproduto\" href=\"https:\/\/truckcenternet.com.br\/site2\/wp-content\/uploads\/2024\/02\/MOP-GARRA-SMART-REV00-11-08-2023.pdf\" target=\"_blank\" rel=\"noopener\">MANUAL DE OPERA\u00c7\u00c3O<\/a><\/p>\n","protected":false},"excerpt":{"rendered":"<p>A Garra Smart \u00e9 um acess\u00f3rio exclusivo utilizado em conjunto com os alinhadores de rodas Truck Center e permite opera\u00e7\u00f5es de alinhamento com precis\u00e3o e rapidez, pois reduz o tempo de medi\u00e7\u00e3o em at\u00e9 65%.\u00a0 Al\u00e9m disso, elimina a necessidade de compensa\u00e7\u00e3o da deforma\u00e7\u00e3o das rodas (RUN-OUT). Pode ser calibrada pelo pr\u00f3prio operador, com procedimento [&hellip;]<\/p>\n","protected":false},"featured_media":169800,"comment_status":"closed","ping_status":"closed","template":"","meta":{"inline_featured_image":false},"product_cat":[43,105,42],"product_tag":[],"class_list":{"0":"post-167976","1":"product","2":"type-product","3":"status-publish","4":"has-post-thumbnail","6":"product_cat-acessorios","7":"product_cat-lancamentos-2023-linha-leve","8":"product_cat-linha-leve","10":"first","11":"instock","12":"shipping-taxable","13":"purchasable","14":"product-type-variable"},"yoast_head":"<!-- This site is optimized with the Yoast SEO plugin v22.0 - https:\/\/yoast.com\/wordpress\/plugins\/seo\/ -->\n<title>Garra Smart - TRUCKCENTER<\/title>\n<meta name=\"robots\" content=\"index, follow, max-snippet:-1, max-image-preview:large, max-video-preview:-1\" \/>\n<link rel=\"canonical\" href=\"https:\/\/truckcenternet.com.br\/site2\/product\/garra-smart\/\" \/>\n<meta property=\"og:locale\" content=\"pt_BR\" \/>\n<meta property=\"og:type\" content=\"article\" \/>\n<meta property=\"og:title\" content=\"Garra Smart - TRUCKCENTER\" \/>\n<meta property=\"og:description\" content=\"A Garra Smart \u00e9 um acess\u00f3rio exclusivo utilizado em conjunto com os alinhadores de rodas Truck Center e permite opera\u00e7\u00f5es de alinhamento com precis\u00e3o e rapidez, pois reduz o tempo de medi\u00e7\u00e3o em at\u00e9 65%.\u00a0 Al\u00e9m disso, elimina a necessidade de compensa\u00e7\u00e3o da deforma\u00e7\u00e3o das rodas (RUN-OUT). Pode ser calibrada pelo pr\u00f3prio operador, com procedimento [&hellip;]\" \/>\n<meta property=\"og:url\" content=\"https:\/\/truckcenternet.com.br\/site2\/product\/garra-smart\/\" \/>\n<meta property=\"og:site_name\" content=\"TRUCKCENTER\" \/>\n<meta property=\"article:publisher\" content=\"https:\/\/www.facebook.com\/TruckCenterEquipamentos\" \/>\n<meta property=\"article:modified_time\" content=\"2024-02-07T16:31:46+00:00\" \/>\n<meta property=\"og:image\" content=\"https:\/\/truckcenternet.com.br\/site2\/wp-content\/uploads\/2023\/11\/Garra-Smart-5-4.png\" \/>\n\t<meta property=\"og:image:width\" content=\"1000\" \/>\n\t<meta property=\"og:image:height\" content=\"1000\" \/>\n\t<meta property=\"og:image:type\" content=\"image\/png\" \/>\n<meta name=\"twitter:card\" content=\"summary_large_image\" \/>\n<meta name=\"twitter:label1\" content=\"Est. tempo de leitura\" \/>\n\t<meta name=\"twitter:data1\" content=\"2 minutos\" \/>\n<script type=\"application\/ld+json\" class=\"yoast-schema-graph\">{\"@context\":\"https:\/\/schema.org\",\"@graph\":[{\"@type\":\"WebPage\",\"@id\":\"https:\/\/truckcenternet.com.br\/site2\/product\/garra-smart\/\",\"url\":\"https:\/\/truckcenternet.com.br\/site2\/product\/garra-smart\/\",\"name\":\"Garra Smart - TRUCKCENTER\",\"isPartOf\":{\"@id\":\"https:\/\/truckcenternet.com.br\/site2\/#website\"},\"datePublished\":\"2023-11-14T17:06:43+00:00\",\"dateModified\":\"2024-02-07T16:31:46+00:00\",\"breadcrumb\":{\"@id\":\"https:\/\/truckcenternet.com.br\/site2\/product\/garra-smart\/#breadcrumb\"},\"inLanguage\":\"pt-BR\",\"potentialAction\":[{\"@type\":\"ReadAction\",\"target\":[\"https:\/\/truckcenternet.com.br\/site2\/product\/garra-smart\/\"]}]},{\"@type\":\"BreadcrumbList\",\"@id\":\"https:\/\/truckcenternet.com.br\/site2\/product\/garra-smart\/#breadcrumb\",\"itemListElement\":[{\"@type\":\"ListItem\",\"position\":1,\"name\":\"In\u00edcio\",\"item\":\"https:\/\/truckcenternet.com.br\/site2\/\"},{\"@type\":\"ListItem\",\"position\":2,\"name\":\"Shop\",\"item\":\"https:\/\/truckcenternet.com.br\/site2\/shop\/\"},{\"@type\":\"ListItem\",\"position\":3,\"name\":\"Garra Smart\"}]},{\"@type\":\"WebSite\",\"@id\":\"https:\/\/truckcenternet.com.br\/site2\/#website\",\"url\":\"https:\/\/truckcenternet.com.br\/site2\/\",\"name\":\"TRUCKCENTER\",\"description\":\"\",\"publisher\":{\"@id\":\"https:\/\/truckcenternet.com.br\/site2\/#organization\"},\"potentialAction\":[{\"@type\":\"SearchAction\",\"target\":{\"@type\":\"EntryPoint\",\"urlTemplate\":\"https:\/\/truckcenternet.com.br\/site2\/?s={search_term_string}\"},\"query-input\":\"required name=search_term_string\"}],\"inLanguage\":\"pt-BR\"},{\"@type\":\"Organization\",\"@id\":\"https:\/\/truckcenternet.com.br\/site2\/#organization\",\"name\":\"TRUCKCENTER\",\"url\":\"https:\/\/truckcenternet.com.br\/site2\/\",\"logo\":{\"@type\":\"ImageObject\",\"inLanguage\":\"pt-BR\",\"@id\":\"https:\/\/truckcenternet.com.br\/site2\/#\/schema\/logo\/image\/\",\"url\":\"https:\/\/truckcenternet.com.br\/site2\/wp-content\/uploads\/2023\/08\/logo-1.png\",\"contentUrl\":\"https:\/\/truckcenternet.com.br\/site2\/wp-content\/uploads\/2023\/08\/logo-1.png\",\"width\":670,\"height\":198,\"caption\":\"TRUCKCENTER\"},\"image\":{\"@id\":\"https:\/\/truckcenternet.com.br\/site2\/#\/schema\/logo\/image\/\"},\"sameAs\":[\"https:\/\/www.facebook.com\/TruckCenterEquipamentos\",\"https:\/\/www.instagram.com\/truckcenter_br\/\",\"https:\/\/br.linkedin.com\/company\/truckcenter\",\"https:\/\/www.youtube.com\/@TruckCenterTV\"]}]}<\/script>\n<!-- \/ Yoast SEO plugin. -->","yoast_head_json":{"title":"Garra Smart - TRUCKCENTER","robots":{"index":"index","follow":"follow","max-snippet":"max-snippet:-1","max-image-preview":"max-image-preview:large","max-video-preview":"max-video-preview:-1"},"canonical":"https:\/\/truckcenternet.com.br\/site2\/product\/garra-smart\/","og_locale":"pt_BR","og_type":"article","og_title":"Garra Smart - TRUCKCENTER","og_description":"A Garra Smart \u00e9 um acess\u00f3rio exclusivo utilizado em conjunto com os alinhadores de rodas Truck Center e permite opera\u00e7\u00f5es de alinhamento com precis\u00e3o e rapidez, pois reduz o tempo de medi\u00e7\u00e3o em at\u00e9 65%.\u00a0 Al\u00e9m disso, elimina a necessidade de compensa\u00e7\u00e3o da deforma\u00e7\u00e3o das rodas (RUN-OUT). Pode ser calibrada pelo pr\u00f3prio operador, com procedimento [&hellip;]","og_url":"https:\/\/truckcenternet.com.br\/site2\/product\/garra-smart\/","og_site_name":"TRUCKCENTER","article_publisher":"https:\/\/www.facebook.com\/TruckCenterEquipamentos","article_modified_time":"2024-02-07T16:31:46+00:00","og_image":[{"width":1000,"height":1000,"url":"https:\/\/truckcenternet.com.br\/site2\/wp-content\/uploads\/2023\/11\/Garra-Smart-5-4.png","type":"image\/png"}],"twitter_card":"summary_large_image","twitter_misc":{"Est. tempo de leitura":"2 minutos"},"schema":{"@context":"https:\/\/schema.org","@graph":[{"@type":"WebPage","@id":"https:\/\/truckcenternet.com.br\/site2\/product\/garra-smart\/","url":"https:\/\/truckcenternet.com.br\/site2\/product\/garra-smart\/","name":"Garra Smart - TRUCKCENTER","isPartOf":{"@id":"https:\/\/truckcenternet.com.br\/site2\/#website"},"datePublished":"2023-11-14T17:06:43+00:00","dateModified":"2024-02-07T16:31:46+00:00","breadcrumb":{"@id":"https:\/\/truckcenternet.com.br\/site2\/product\/garra-smart\/#breadcrumb"},"inLanguage":"pt-BR","potentialAction":[{"@type":"ReadAction","target":["https:\/\/truckcenternet.com.br\/site2\/product\/garra-smart\/"]}]},{"@type":"BreadcrumbList","@id":"https:\/\/truckcenternet.com.br\/site2\/product\/garra-smart\/#breadcrumb","itemListElement":[{"@type":"ListItem","position":1,"name":"In\u00edcio","item":"https:\/\/truckcenternet.com.br\/site2\/"},{"@type":"ListItem","position":2,"name":"Shop","item":"https:\/\/truckcenternet.com.br\/site2\/shop\/"},{"@type":"ListItem","position":3,"name":"Garra Smart"}]},{"@type":"WebSite","@id":"https:\/\/truckcenternet.com.br\/site2\/#website","url":"https:\/\/truckcenternet.com.br\/site2\/","name":"TRUCKCENTER","description":"","publisher":{"@id":"https:\/\/truckcenternet.com.br\/site2\/#organization"},"potentialAction":[{"@type":"SearchAction","target":{"@type":"EntryPoint","urlTemplate":"https:\/\/truckcenternet.com.br\/site2\/?s={search_term_string}"},"query-input":"required name=search_term_string"}],"inLanguage":"pt-BR"},{"@type":"Organization","@id":"https:\/\/truckcenternet.com.br\/site2\/#organization","name":"TRUCKCENTER","url":"https:\/\/truckcenternet.com.br\/site2\/","logo":{"@type":"ImageObject","inLanguage":"pt-BR","@id":"https:\/\/truckcenternet.com.br\/site2\/#\/schema\/logo\/image\/","url":"https:\/\/truckcenternet.com.br\/site2\/wp-content\/uploads\/2023\/08\/logo-1.png","contentUrl":"https:\/\/truckcenternet.com.br\/site2\/wp-content\/uploads\/2023\/08\/logo-1.png","width":670,"height":198,"caption":"TRUCKCENTER"},"image":{"@id":"https:\/\/truckcenternet.com.br\/site2\/#\/schema\/logo\/image\/"},"sameAs":["https:\/\/www.facebook.com\/TruckCenterEquipamentos","https:\/\/www.instagram.com\/truckcenter_br\/","https:\/\/br.linkedin.com\/company\/truckcenter","https:\/\/www.youtube.com\/@TruckCenterTV"]}]}},"_links":{"self":[{"href":"https:\/\/truckcenternet.com.br\/site2\/wp-json\/wp\/v2\/product\/167976","targetHints":{"allow":["GET"]}}],"collection":[{"href":"https:\/\/truckcenternet.com.br\/site2\/wp-json\/wp\/v2\/product"}],"about":[{"href":"https:\/\/truckcenternet.com.br\/site2\/wp-json\/wp\/v2\/types\/product"}],"replies":[{"embeddable":true,"href":"https:\/\/truckcenternet.com.br\/site2\/wp-json\/wp\/v2\/comments?post=167976"}],"wp:featuredmedia":[{"embeddable":true,"href":"https:\/\/truckcenternet.com.br\/site2\/wp-json\/wp\/v2\/media\/169800"}],"wp:attachment":[{"href":"https:\/\/truckcenternet.com.br\/site2\/wp-json\/wp\/v2\/media?parent=167976"}],"wp:term":[{"taxonomy":"product_cat","embeddable":true,"href":"https:\/\/truckcenternet.com.br\/site2\/wp-json\/wp\/v2\/product_cat?post=167976"},{"taxonomy":"product_tag","embeddable":true,"href":"https:\/\/truckcenternet.com.br\/site2\/wp-json\/wp\/v2\/product_tag?post=167976"}],"curies":[{"name":"wp","href":"https:\/\/api.w.org\/{rel}","templated":true}]}}