{"id":167834,"date":"2023-11-05T13:30:47","date_gmt":"2023-11-05T16:30:47","guid":{"rendered":"https:\/\/truckcenternet.com.br\/site2\/?post_type=product&#038;p=167834"},"modified":"2024-02-07T13:45:55","modified_gmt":"2024-02-07T16:45:55","slug":"tc-6m","status":"publish","type":"product","link":"https:\/\/truckcenternet.com.br\/site2\/product\/tc-6m\/","title":{"rendered":"TC 6M"},"content":{"rendered":"<p>A Balanceadora de Rodas\u00a0 TC 6 M \u00e9 uma m\u00e1quina computadorizada e de leitura via monitor LCD, permitindo assim, que a opera\u00e7\u00e3o seja r\u00e1pida e precisa.<\/p>\n<p>\u00c9 indicada para rodas de autom\u00f3veis, caminhonetes e, ainda, de motocicletas, com o aux\u00edlio de adaptadores especiais (opcional).<\/p>\n<p>Possui processo simples de calibra\u00e7\u00e3o, conta com freio autom\u00e1tico e de pedal para agilizar o balanceamento.<\/p>\n<p>Pr\u00e1tica, a Balanceadora de Rodas TC 6 M vem com cap\u00f4 de prote\u00e7\u00e3o.<br \/>\n<br clear=\"all\"\/><br \/>\n<a class=\"btnproduto\" href=\"https:\/\/truckcenternet.com.br\/site2\/wp-content\/uploads\/2024\/02\/MOP-TC6M-2022-REV-04-09-03-23.pdf\" target=\"_blank\" rel=\"noopener\">MANUAL DE OPERA\u00c7\u00c3O<\/a><\/p>\n","protected":false},"excerpt":{"rendered":"<p>A Balanceadora de Rodas Universal 60 \u00e9 um equipamento super eficiente e pr\u00e1tico, capaz de fazer o balanceamento de rodas de caminh\u00f5es e \u00f4nibus da linha pesada sem remov\u00ea-las (exceto para rodado duplo). Em outras palavras, o procedimento \u00e9 realizado no pr\u00f3prio ve\u00edculo.<\/p>\n<p>Al\u00e9m de contar com mem\u00f3ria, indicador e refletor \u00f3ptico para facilitar a leitura digital, a Balanceadora de Rodas Universal 60 vem com carenagem de prote\u00e7\u00e3o, acionamento feito por contato direto com a banda de rodagem dos pneus e sensor piezoel\u00e9trico.<\/p>\n","protected":false},"featured_media":169060,"comment_status":"closed","ping_status":"closed","template":"","meta":{"inline_featured_image":false},"product_cat":[63,42],"product_tag":[],"class_list":{"0":"post-167834","1":"product","2":"type-product","3":"status-publish","4":"has-post-thumbnail","6":"product_cat-balanceadoras-linha-leve-3","7":"product_cat-linha-leve","9":"first","10":"instock","11":"shipping-taxable","12":"purchasable","13":"product-type-variable"},"yoast_head":"<!-- This site is optimized with the Yoast SEO plugin v22.0 - https:\/\/yoast.com\/wordpress\/plugins\/seo\/ -->\n<title>TC 6M - TRUCKCENTER<\/title>\n<meta name=\"robots\" content=\"index, follow, max-snippet:-1, max-image-preview:large, max-video-preview:-1\" \/>\n<link rel=\"canonical\" href=\"https:\/\/truckcenternet.com.br\/site2\/product\/tc-6m\/\" \/>\n<meta property=\"og:locale\" content=\"pt_BR\" \/>\n<meta property=\"og:type\" content=\"article\" \/>\n<meta property=\"og:title\" content=\"TC 6M - TRUCKCENTER\" \/>\n<meta property=\"og:description\" content=\"A Balanceadora de Rodas Universal 60 \u00e9 um equipamento super eficiente e pr\u00e1tico, capaz de fazer o balanceamento de rodas de caminh\u00f5es e \u00f4nibus da linha pesada sem remov\u00ea-las (exceto para rodado duplo). Em outras palavras, o procedimento \u00e9 realizado no pr\u00f3prio ve\u00edculo.  Al\u00e9m de contar com mem\u00f3ria, indicador e refletor \u00f3ptico para facilitar a leitura digital, a Balanceadora de Rodas Universal 60 vem com carenagem de prote\u00e7\u00e3o, acionamento feito por contato direto com a banda de rodagem dos pneus e sensor piezoel\u00e9trico.\" \/>\n<meta property=\"og:url\" content=\"https:\/\/truckcenternet.com.br\/site2\/product\/tc-6m\/\" \/>\n<meta property=\"og:site_name\" content=\"TRUCKCENTER\" \/>\n<meta property=\"article:publisher\" content=\"https:\/\/www.facebook.com\/TruckCenterEquipamentos\" \/>\n<meta property=\"article:modified_time\" content=\"2024-02-07T16:45:55+00:00\" \/>\n<meta property=\"og:image\" content=\"https:\/\/truckcenternet.com.br\/site2\/wp-content\/uploads\/2023\/11\/TC-6M-Cinza-5-2.png\" \/>\n\t<meta property=\"og:image:width\" content=\"1000\" \/>\n\t<meta property=\"og:image:height\" content=\"1000\" \/>\n\t<meta property=\"og:image:type\" content=\"image\/png\" \/>\n<meta name=\"twitter:card\" content=\"summary_large_image\" \/>\n<meta name=\"twitter:label1\" content=\"Est. tempo de leitura\" \/>\n\t<meta name=\"twitter:data1\" content=\"1 minuto\" \/>\n<script type=\"application\/ld+json\" class=\"yoast-schema-graph\">{\"@context\":\"https:\/\/schema.org\",\"@graph\":[{\"@type\":\"WebPage\",\"@id\":\"https:\/\/truckcenternet.com.br\/site2\/product\/tc-6m\/\",\"url\":\"https:\/\/truckcenternet.com.br\/site2\/product\/tc-6m\/\",\"name\":\"TC 6M - TRUCKCENTER\",\"isPartOf\":{\"@id\":\"https:\/\/truckcenternet.com.br\/site2\/#website\"},\"datePublished\":\"2023-11-05T16:30:47+00:00\",\"dateModified\":\"2024-02-07T16:45:55+00:00\",\"breadcrumb\":{\"@id\":\"https:\/\/truckcenternet.com.br\/site2\/product\/tc-6m\/#breadcrumb\"},\"inLanguage\":\"pt-BR\",\"potentialAction\":[{\"@type\":\"ReadAction\",\"target\":[\"https:\/\/truckcenternet.com.br\/site2\/product\/tc-6m\/\"]}]},{\"@type\":\"BreadcrumbList\",\"@id\":\"https:\/\/truckcenternet.com.br\/site2\/product\/tc-6m\/#breadcrumb\",\"itemListElement\":[{\"@type\":\"ListItem\",\"position\":1,\"name\":\"In\u00edcio\",\"item\":\"https:\/\/truckcenternet.com.br\/site2\/\"},{\"@type\":\"ListItem\",\"position\":2,\"name\":\"Shop\",\"item\":\"https:\/\/truckcenternet.com.br\/site2\/shop\/\"},{\"@type\":\"ListItem\",\"position\":3,\"name\":\"TC 6M\"}]},{\"@type\":\"WebSite\",\"@id\":\"https:\/\/truckcenternet.com.br\/site2\/#website\",\"url\":\"https:\/\/truckcenternet.com.br\/site2\/\",\"name\":\"TRUCKCENTER\",\"description\":\"\",\"publisher\":{\"@id\":\"https:\/\/truckcenternet.com.br\/site2\/#organization\"},\"potentialAction\":[{\"@type\":\"SearchAction\",\"target\":{\"@type\":\"EntryPoint\",\"urlTemplate\":\"https:\/\/truckcenternet.com.br\/site2\/?s={search_term_string}\"},\"query-input\":\"required name=search_term_string\"}],\"inLanguage\":\"pt-BR\"},{\"@type\":\"Organization\",\"@id\":\"https:\/\/truckcenternet.com.br\/site2\/#organization\",\"name\":\"TRUCKCENTER\",\"url\":\"https:\/\/truckcenternet.com.br\/site2\/\",\"logo\":{\"@type\":\"ImageObject\",\"inLanguage\":\"pt-BR\",\"@id\":\"https:\/\/truckcenternet.com.br\/site2\/#\/schema\/logo\/image\/\",\"url\":\"https:\/\/truckcenternet.com.br\/site2\/wp-content\/uploads\/2023\/08\/logo-1.png\",\"contentUrl\":\"https:\/\/truckcenternet.com.br\/site2\/wp-content\/uploads\/2023\/08\/logo-1.png\",\"width\":670,\"height\":198,\"caption\":\"TRUCKCENTER\"},\"image\":{\"@id\":\"https:\/\/truckcenternet.com.br\/site2\/#\/schema\/logo\/image\/\"},\"sameAs\":[\"https:\/\/www.facebook.com\/TruckCenterEquipamentos\",\"https:\/\/www.instagram.com\/truckcenter_br\/\",\"https:\/\/br.linkedin.com\/company\/truckcenter\",\"https:\/\/www.youtube.com\/@TruckCenterTV\"]}]}<\/script>\n<!-- \/ Yoast SEO plugin. -->","yoast_head_json":{"title":"TC 6M - TRUCKCENTER","robots":{"index":"index","follow":"follow","max-snippet":"max-snippet:-1","max-image-preview":"max-image-preview:large","max-video-preview":"max-video-preview:-1"},"canonical":"https:\/\/truckcenternet.com.br\/site2\/product\/tc-6m\/","og_locale":"pt_BR","og_type":"article","og_title":"TC 6M - TRUCKCENTER","og_description":"A Balanceadora de Rodas Universal 60 \u00e9 um equipamento super eficiente e pr\u00e1tico, capaz de fazer o balanceamento de rodas de caminh\u00f5es e \u00f4nibus da linha pesada sem remov\u00ea-las (exceto para rodado duplo). Em outras palavras, o procedimento \u00e9 realizado no pr\u00f3prio ve\u00edculo.  Al\u00e9m de contar com mem\u00f3ria, indicador e refletor \u00f3ptico para facilitar a leitura digital, a Balanceadora de Rodas Universal 60 vem com carenagem de prote\u00e7\u00e3o, acionamento feito por contato direto com a banda de rodagem dos pneus e sensor piezoel\u00e9trico.","og_url":"https:\/\/truckcenternet.com.br\/site2\/product\/tc-6m\/","og_site_name":"TRUCKCENTER","article_publisher":"https:\/\/www.facebook.com\/TruckCenterEquipamentos","article_modified_time":"2024-02-07T16:45:55+00:00","og_image":[{"width":1000,"height":1000,"url":"https:\/\/truckcenternet.com.br\/site2\/wp-content\/uploads\/2023\/11\/TC-6M-Cinza-5-2.png","type":"image\/png"}],"twitter_card":"summary_large_image","twitter_misc":{"Est. tempo de leitura":"1 minuto"},"schema":{"@context":"https:\/\/schema.org","@graph":[{"@type":"WebPage","@id":"https:\/\/truckcenternet.com.br\/site2\/product\/tc-6m\/","url":"https:\/\/truckcenternet.com.br\/site2\/product\/tc-6m\/","name":"TC 6M - TRUCKCENTER","isPartOf":{"@id":"https:\/\/truckcenternet.com.br\/site2\/#website"},"datePublished":"2023-11-05T16:30:47+00:00","dateModified":"2024-02-07T16:45:55+00:00","breadcrumb":{"@id":"https:\/\/truckcenternet.com.br\/site2\/product\/tc-6m\/#breadcrumb"},"inLanguage":"pt-BR","potentialAction":[{"@type":"ReadAction","target":["https:\/\/truckcenternet.com.br\/site2\/product\/tc-6m\/"]}]},{"@type":"BreadcrumbList","@id":"https:\/\/truckcenternet.com.br\/site2\/product\/tc-6m\/#breadcrumb","itemListElement":[{"@type":"ListItem","position":1,"name":"In\u00edcio","item":"https:\/\/truckcenternet.com.br\/site2\/"},{"@type":"ListItem","position":2,"name":"Shop","item":"https:\/\/truckcenternet.com.br\/site2\/shop\/"},{"@type":"ListItem","position":3,"name":"TC 6M"}]},{"@type":"WebSite","@id":"https:\/\/truckcenternet.com.br\/site2\/#website","url":"https:\/\/truckcenternet.com.br\/site2\/","name":"TRUCKCENTER","description":"","publisher":{"@id":"https:\/\/truckcenternet.com.br\/site2\/#organization"},"potentialAction":[{"@type":"SearchAction","target":{"@type":"EntryPoint","urlTemplate":"https:\/\/truckcenternet.com.br\/site2\/?s={search_term_string}"},"query-input":"required name=search_term_string"}],"inLanguage":"pt-BR"},{"@type":"Organization","@id":"https:\/\/truckcenternet.com.br\/site2\/#organization","name":"TRUCKCENTER","url":"https:\/\/truckcenternet.com.br\/site2\/","logo":{"@type":"ImageObject","inLanguage":"pt-BR","@id":"https:\/\/truckcenternet.com.br\/site2\/#\/schema\/logo\/image\/","url":"https:\/\/truckcenternet.com.br\/site2\/wp-content\/uploads\/2023\/08\/logo-1.png","contentUrl":"https:\/\/truckcenternet.com.br\/site2\/wp-content\/uploads\/2023\/08\/logo-1.png","width":670,"height":198,"caption":"TRUCKCENTER"},"image":{"@id":"https:\/\/truckcenternet.com.br\/site2\/#\/schema\/logo\/image\/"},"sameAs":["https:\/\/www.facebook.com\/TruckCenterEquipamentos","https:\/\/www.instagram.com\/truckcenter_br\/","https:\/\/br.linkedin.com\/company\/truckcenter","https:\/\/www.youtube.com\/@TruckCenterTV"]}]}},"_links":{"self":[{"href":"https:\/\/truckcenternet.com.br\/site2\/wp-json\/wp\/v2\/product\/167834","targetHints":{"allow":["GET"]}}],"collection":[{"href":"https:\/\/truckcenternet.com.br\/site2\/wp-json\/wp\/v2\/product"}],"about":[{"href":"https:\/\/truckcenternet.com.br\/site2\/wp-json\/wp\/v2\/types\/product"}],"replies":[{"embeddable":true,"href":"https:\/\/truckcenternet.com.br\/site2\/wp-json\/wp\/v2\/comments?post=167834"}],"wp:featuredmedia":[{"embeddable":true,"href":"https:\/\/truckcenternet.com.br\/site2\/wp-json\/wp\/v2\/media\/169060"}],"wp:attachment":[{"href":"https:\/\/truckcenternet.com.br\/site2\/wp-json\/wp\/v2\/media?parent=167834"}],"wp:term":[{"taxonomy":"product_cat","embeddable":true,"href":"https:\/\/truckcenternet.com.br\/site2\/wp-json\/wp\/v2\/product_cat?post=167834"},{"taxonomy":"product_tag","embeddable":true,"href":"https:\/\/truckcenternet.com.br\/site2\/wp-json\/wp\/v2\/product_tag?post=167834"}],"curies":[{"name":"wp","href":"https:\/\/api.w.org\/{rel}","templated":true}]}}