{"id":167760,"date":"2023-11-01T13:12:02","date_gmt":"2023-11-01T16:12:02","guid":{"rendered":"https:\/\/truckcenternet.com.br\/site2\/?post_type=product&#038;p=167760"},"modified":"2024-02-07T13:56:03","modified_gmt":"2024-02-07T16:56:03","slug":"3d-flash-ii","status":"publish","type":"product","link":"https:\/\/truckcenternet.com.br\/site2\/product\/3d-flash-ii\/","title":{"rendered":"3D FLASH II"},"content":{"rendered":"<table class=\"tabelaproduto\">\n<tbody>\n<tr>\n<td><img decoding=\"async\" src=\"https:\/\/truckcenternet.com.br\/site2\/wp-content\/uploads\/2023\/08\/produto-item01.png\" \/><\/td>\n<td><img decoding=\"async\" src=\"https:\/\/truckcenternet.com.br\/site2\/wp-content\/uploads\/2023\/12\/produto-item02-v2.png\" \/><\/td>\n<\/tr>\n<\/tbody>\n<\/table>\n<p>Aparelho para medi\u00e7\u00e3o da geometria de dire\u00e7\u00e3o, utilizando sistema de leitura 3D por c\u00e2meras e diagnostico do ve\u00edculo atrav\u00e9s de imagens de alta resolu\u00e7\u00e3o, garantindo medidas precisas e com extrema rapidez.<\/p>\n<p>Com dois monitores, sendo um deles instalado na parte inferior do equipamento, pode ser utilizado facilmente tanto em rampas quanto em valas, apresentando as informa\u00e7\u00f5es sempre na altura dos olhos do operador.<\/p>\n<p>Dispensa adaptador ou recursos de software para Spoiler (carros rebaixados).<\/p>\n<p>Exclui o uso de Baterias e Carregadores, Cabos de comunica\u00e7\u00e3o, sensores e dos sistemas Wireless e\/ou Bluetooth.<\/p>\n<p>Software com interface simples e funcional desenvolvido pelo setor de pesquisa e desenvolvimento da Truck Center;<\/p>\n<p>Na compra do alinhador, o cliente TRUCK CENTER obtem gratuidade de 03 anos no BANCODE DADOS, TC DATA CLOUD (atualiza\u00e7\u00f5es de ve\u00edculos da nuvem), conforme previsto\u00a0na\u00a0negocia\u00e7\u00e3o!<br \/>\n<br clear=\"all\"\/><br \/>\n<a class=\"btnproduto\" href=\"https:\/\/truckcenternet.com.br\/site2\/wp-content\/uploads\/2024\/02\/MOP-3D-FLASH-II-2023-REV00-16-01-2024.pdf\" target=\"_blank\" rel=\"noopener\">MANUAL DE OPERA\u00c7\u00c3O<\/a><\/p>\n","protected":false},"excerpt":{"rendered":"<p>Aparelho para medi\u00e7\u00e3o da geometria de dire\u00e7\u00e3o, utilizando sistema de leitura 3D por c\u00e2meras e diagnostico do ve\u00edculo atrav\u00e9s de imagens de alta resolu\u00e7\u00e3o, garantindo medidas precisas e com extrema rapidez. Com dois monitores, sendo um deles instalado na parte inferior do equipamento, pode ser utilizado facilmente tanto em rampas quanto em valas, apresentando as [&hellip;]<\/p>\n","protected":false},"featured_media":169728,"comment_status":"closed","ping_status":"closed","template":"","meta":{"inline_featured_image":false},"product_cat":[104,105,42],"product_tag":[],"class_list":{"0":"post-167760","1":"product","2":"type-product","3":"status-publish","4":"has-post-thumbnail","6":"product_cat-alinhadores-linha-leve","7":"product_cat-lancamentos-2023-linha-leve","8":"product_cat-linha-leve","10":"first","11":"instock","12":"shipping-taxable","13":"purchasable","14":"product-type-variable"},"yoast_head":"<!-- This site is optimized with the Yoast SEO plugin v22.0 - https:\/\/yoast.com\/wordpress\/plugins\/seo\/ -->\n<title>3D FLASH II - TRUCKCENTER<\/title>\n<meta name=\"robots\" content=\"index, follow, max-snippet:-1, max-image-preview:large, max-video-preview:-1\" \/>\n<link rel=\"canonical\" href=\"https:\/\/truckcenternet.com.br\/site2\/product\/3d-flash-ii\/\" \/>\n<meta property=\"og:locale\" content=\"pt_BR\" \/>\n<meta property=\"og:type\" content=\"article\" \/>\n<meta property=\"og:title\" content=\"3D FLASH II - TRUCKCENTER\" \/>\n<meta property=\"og:description\" content=\"Aparelho para medi\u00e7\u00e3o da geometria de dire\u00e7\u00e3o, utilizando sistema de leitura 3D por c\u00e2meras e diagnostico do ve\u00edculo atrav\u00e9s de imagens de alta resolu\u00e7\u00e3o, garantindo medidas precisas e com extrema rapidez. Com dois monitores, sendo um deles instalado na parte inferior do equipamento, pode ser utilizado facilmente tanto em rampas quanto em valas, apresentando as [&hellip;]\" \/>\n<meta property=\"og:url\" content=\"https:\/\/truckcenternet.com.br\/site2\/product\/3d-flash-ii\/\" \/>\n<meta property=\"og:site_name\" content=\"TRUCKCENTER\" \/>\n<meta property=\"article:publisher\" content=\"https:\/\/www.facebook.com\/TruckCenterEquipamentos\" \/>\n<meta property=\"article:modified_time\" content=\"2024-02-07T16:56:03+00:00\" \/>\n<meta property=\"og:image\" content=\"https:\/\/truckcenternet.com.br\/site2\/wp-content\/uploads\/2023\/11\/3D-Flash-2-Cinza-2-4.png\" \/>\n\t<meta property=\"og:image:width\" content=\"1000\" \/>\n\t<meta property=\"og:image:height\" content=\"1000\" \/>\n\t<meta property=\"og:image:type\" content=\"image\/png\" \/>\n<meta name=\"twitter:card\" content=\"summary_large_image\" \/>\n<meta name=\"twitter:label1\" content=\"Est. tempo de leitura\" \/>\n\t<meta name=\"twitter:data1\" content=\"2 minutos\" \/>\n<script type=\"application\/ld+json\" class=\"yoast-schema-graph\">{\"@context\":\"https:\/\/schema.org\",\"@graph\":[{\"@type\":\"WebPage\",\"@id\":\"https:\/\/truckcenternet.com.br\/site2\/product\/3d-flash-ii\/\",\"url\":\"https:\/\/truckcenternet.com.br\/site2\/product\/3d-flash-ii\/\",\"name\":\"3D FLASH II - TRUCKCENTER\",\"isPartOf\":{\"@id\":\"https:\/\/truckcenternet.com.br\/site2\/#website\"},\"datePublished\":\"2023-11-01T16:12:02+00:00\",\"dateModified\":\"2024-02-07T16:56:03+00:00\",\"breadcrumb\":{\"@id\":\"https:\/\/truckcenternet.com.br\/site2\/product\/3d-flash-ii\/#breadcrumb\"},\"inLanguage\":\"pt-BR\",\"potentialAction\":[{\"@type\":\"ReadAction\",\"target\":[\"https:\/\/truckcenternet.com.br\/site2\/product\/3d-flash-ii\/\"]}]},{\"@type\":\"BreadcrumbList\",\"@id\":\"https:\/\/truckcenternet.com.br\/site2\/product\/3d-flash-ii\/#breadcrumb\",\"itemListElement\":[{\"@type\":\"ListItem\",\"position\":1,\"name\":\"In\u00edcio\",\"item\":\"https:\/\/truckcenternet.com.br\/site2\/\"},{\"@type\":\"ListItem\",\"position\":2,\"name\":\"Shop\",\"item\":\"https:\/\/truckcenternet.com.br\/site2\/shop\/\"},{\"@type\":\"ListItem\",\"position\":3,\"name\":\"3D FLASH II\"}]},{\"@type\":\"WebSite\",\"@id\":\"https:\/\/truckcenternet.com.br\/site2\/#website\",\"url\":\"https:\/\/truckcenternet.com.br\/site2\/\",\"name\":\"TRUCKCENTER\",\"description\":\"\",\"publisher\":{\"@id\":\"https:\/\/truckcenternet.com.br\/site2\/#organization\"},\"potentialAction\":[{\"@type\":\"SearchAction\",\"target\":{\"@type\":\"EntryPoint\",\"urlTemplate\":\"https:\/\/truckcenternet.com.br\/site2\/?s={search_term_string}\"},\"query-input\":\"required name=search_term_string\"}],\"inLanguage\":\"pt-BR\"},{\"@type\":\"Organization\",\"@id\":\"https:\/\/truckcenternet.com.br\/site2\/#organization\",\"name\":\"TRUCKCENTER\",\"url\":\"https:\/\/truckcenternet.com.br\/site2\/\",\"logo\":{\"@type\":\"ImageObject\",\"inLanguage\":\"pt-BR\",\"@id\":\"https:\/\/truckcenternet.com.br\/site2\/#\/schema\/logo\/image\/\",\"url\":\"https:\/\/truckcenternet.com.br\/site2\/wp-content\/uploads\/2023\/08\/logo-1.png\",\"contentUrl\":\"https:\/\/truckcenternet.com.br\/site2\/wp-content\/uploads\/2023\/08\/logo-1.png\",\"width\":670,\"height\":198,\"caption\":\"TRUCKCENTER\"},\"image\":{\"@id\":\"https:\/\/truckcenternet.com.br\/site2\/#\/schema\/logo\/image\/\"},\"sameAs\":[\"https:\/\/www.facebook.com\/TruckCenterEquipamentos\",\"https:\/\/www.instagram.com\/truckcenter_br\/\",\"https:\/\/br.linkedin.com\/company\/truckcenter\",\"https:\/\/www.youtube.com\/@TruckCenterTV\"]}]}<\/script>\n<!-- \/ Yoast SEO plugin. -->","yoast_head_json":{"title":"3D FLASH II - TRUCKCENTER","robots":{"index":"index","follow":"follow","max-snippet":"max-snippet:-1","max-image-preview":"max-image-preview:large","max-video-preview":"max-video-preview:-1"},"canonical":"https:\/\/truckcenternet.com.br\/site2\/product\/3d-flash-ii\/","og_locale":"pt_BR","og_type":"article","og_title":"3D FLASH II - TRUCKCENTER","og_description":"Aparelho para medi\u00e7\u00e3o da geometria de dire\u00e7\u00e3o, utilizando sistema de leitura 3D por c\u00e2meras e diagnostico do ve\u00edculo atrav\u00e9s de imagens de alta resolu\u00e7\u00e3o, garantindo medidas precisas e com extrema rapidez. Com dois monitores, sendo um deles instalado na parte inferior do equipamento, pode ser utilizado facilmente tanto em rampas quanto em valas, apresentando as [&hellip;]","og_url":"https:\/\/truckcenternet.com.br\/site2\/product\/3d-flash-ii\/","og_site_name":"TRUCKCENTER","article_publisher":"https:\/\/www.facebook.com\/TruckCenterEquipamentos","article_modified_time":"2024-02-07T16:56:03+00:00","og_image":[{"width":1000,"height":1000,"url":"https:\/\/truckcenternet.com.br\/site2\/wp-content\/uploads\/2023\/11\/3D-Flash-2-Cinza-2-4.png","type":"image\/png"}],"twitter_card":"summary_large_image","twitter_misc":{"Est. tempo de leitura":"2 minutos"},"schema":{"@context":"https:\/\/schema.org","@graph":[{"@type":"WebPage","@id":"https:\/\/truckcenternet.com.br\/site2\/product\/3d-flash-ii\/","url":"https:\/\/truckcenternet.com.br\/site2\/product\/3d-flash-ii\/","name":"3D FLASH II - TRUCKCENTER","isPartOf":{"@id":"https:\/\/truckcenternet.com.br\/site2\/#website"},"datePublished":"2023-11-01T16:12:02+00:00","dateModified":"2024-02-07T16:56:03+00:00","breadcrumb":{"@id":"https:\/\/truckcenternet.com.br\/site2\/product\/3d-flash-ii\/#breadcrumb"},"inLanguage":"pt-BR","potentialAction":[{"@type":"ReadAction","target":["https:\/\/truckcenternet.com.br\/site2\/product\/3d-flash-ii\/"]}]},{"@type":"BreadcrumbList","@id":"https:\/\/truckcenternet.com.br\/site2\/product\/3d-flash-ii\/#breadcrumb","itemListElement":[{"@type":"ListItem","position":1,"name":"In\u00edcio","item":"https:\/\/truckcenternet.com.br\/site2\/"},{"@type":"ListItem","position":2,"name":"Shop","item":"https:\/\/truckcenternet.com.br\/site2\/shop\/"},{"@type":"ListItem","position":3,"name":"3D FLASH II"}]},{"@type":"WebSite","@id":"https:\/\/truckcenternet.com.br\/site2\/#website","url":"https:\/\/truckcenternet.com.br\/site2\/","name":"TRUCKCENTER","description":"","publisher":{"@id":"https:\/\/truckcenternet.com.br\/site2\/#organization"},"potentialAction":[{"@type":"SearchAction","target":{"@type":"EntryPoint","urlTemplate":"https:\/\/truckcenternet.com.br\/site2\/?s={search_term_string}"},"query-input":"required name=search_term_string"}],"inLanguage":"pt-BR"},{"@type":"Organization","@id":"https:\/\/truckcenternet.com.br\/site2\/#organization","name":"TRUCKCENTER","url":"https:\/\/truckcenternet.com.br\/site2\/","logo":{"@type":"ImageObject","inLanguage":"pt-BR","@id":"https:\/\/truckcenternet.com.br\/site2\/#\/schema\/logo\/image\/","url":"https:\/\/truckcenternet.com.br\/site2\/wp-content\/uploads\/2023\/08\/logo-1.png","contentUrl":"https:\/\/truckcenternet.com.br\/site2\/wp-content\/uploads\/2023\/08\/logo-1.png","width":670,"height":198,"caption":"TRUCKCENTER"},"image":{"@id":"https:\/\/truckcenternet.com.br\/site2\/#\/schema\/logo\/image\/"},"sameAs":["https:\/\/www.facebook.com\/TruckCenterEquipamentos","https:\/\/www.instagram.com\/truckcenter_br\/","https:\/\/br.linkedin.com\/company\/truckcenter","https:\/\/www.youtube.com\/@TruckCenterTV"]}]}},"_links":{"self":[{"href":"https:\/\/truckcenternet.com.br\/site2\/wp-json\/wp\/v2\/product\/167760","targetHints":{"allow":["GET"]}}],"collection":[{"href":"https:\/\/truckcenternet.com.br\/site2\/wp-json\/wp\/v2\/product"}],"about":[{"href":"https:\/\/truckcenternet.com.br\/site2\/wp-json\/wp\/v2\/types\/product"}],"replies":[{"embeddable":true,"href":"https:\/\/truckcenternet.com.br\/site2\/wp-json\/wp\/v2\/comments?post=167760"}],"wp:featuredmedia":[{"embeddable":true,"href":"https:\/\/truckcenternet.com.br\/site2\/wp-json\/wp\/v2\/media\/169728"}],"wp:attachment":[{"href":"https:\/\/truckcenternet.com.br\/site2\/wp-json\/wp\/v2\/media?parent=167760"}],"wp:term":[{"taxonomy":"product_cat","embeddable":true,"href":"https:\/\/truckcenternet.com.br\/site2\/wp-json\/wp\/v2\/product_cat?post=167760"},{"taxonomy":"product_tag","embeddable":true,"href":"https:\/\/truckcenternet.com.br\/site2\/wp-json\/wp\/v2\/product_tag?post=167760"}],"curies":[{"name":"wp","href":"https:\/\/api.w.org\/{rel}","templated":true}]}}