{"id":167427,"date":"2023-11-25T13:21:01","date_gmt":"2023-11-25T16:21:01","guid":{"rendered":"https:\/\/truckcenternet.com.br\/site2\/?post_type=product&#038;p=167427"},"modified":"2024-01-10T18:20:53","modified_gmt":"2024-01-10T21:20:53","slug":"adaptador-para-cambao","status":"publish","type":"product","link":"https:\/\/truckcenternet.com.br\/site2\/product\/adaptador-para-cambao\/","title":{"rendered":"Adaptador para Camb\u00e3o"},"content":{"rendered":"<table class=\"tabelaproduto\">\n<tbody>\n<tr>\n<td><img decoding=\"async\" src=\"https:\/\/truckcenternet.com.br\/site2\/wp-content\/uploads\/2023\/12\/produto-item02-v2.png\" \/><\/td>\n<\/tr>\n<\/tbody>\n<\/table>\n<p>Serve para acoplar a r\u00e9gua auto centrante ao olhal de camb\u00e3o em carretas julieta e dolly.<\/p>\n","protected":false},"excerpt":{"rendered":"<p>Serve para acoplar a r\u00e9gua auto centrante ao olhal de camb\u00e3o em carretas julieta e dolly.<\/p>\n","protected":false},"featured_media":168446,"comment_status":"closed","ping_status":"closed","template":"","meta":{"inline_featured_image":false},"product_cat":[102,44],"product_tag":[],"class_list":{"0":"post-167427","1":"product","2":"type-product","3":"status-publish","4":"has-post-thumbnail","6":"product_cat-acessorios-linha-pesada-3","7":"product_cat-linha-pesada","9":"first","10":"instock","11":"shipping-taxable","12":"purchasable","13":"product-type-variable"},"yoast_head":"<!-- This site is optimized with the Yoast SEO plugin v22.0 - https:\/\/yoast.com\/wordpress\/plugins\/seo\/ -->\n<title>Adaptador para Camb\u00e3o - TRUCKCENTER<\/title>\n<meta name=\"robots\" content=\"index, follow, max-snippet:-1, max-image-preview:large, max-video-preview:-1\" \/>\n<link rel=\"canonical\" href=\"https:\/\/truckcenternet.com.br\/site2\/product\/adaptador-para-cambao\/\" \/>\n<meta property=\"og:locale\" content=\"pt_BR\" \/>\n<meta property=\"og:type\" content=\"article\" \/>\n<meta property=\"og:title\" content=\"Adaptador para Camb\u00e3o - TRUCKCENTER\" \/>\n<meta property=\"og:description\" content=\"Serve para acoplar a r\u00e9gua auto centrante ao olhal de camb\u00e3o em carretas julieta e dolly.\" \/>\n<meta property=\"og:url\" content=\"https:\/\/truckcenternet.com.br\/site2\/product\/adaptador-para-cambao\/\" \/>\n<meta property=\"og:site_name\" content=\"TRUCKCENTER\" \/>\n<meta property=\"article:publisher\" content=\"https:\/\/www.facebook.com\/TruckCenterEquipamentos\" \/>\n<meta property=\"article:modified_time\" content=\"2024-01-10T21:20:53+00:00\" \/>\n<meta property=\"og:image\" content=\"https:\/\/truckcenternet.com.br\/site2\/wp-content\/uploads\/2023\/11\/adp-para-cambao.png\" \/>\n\t<meta property=\"og:image:width\" content=\"1000\" \/>\n\t<meta property=\"og:image:height\" content=\"1000\" \/>\n\t<meta property=\"og:image:type\" content=\"image\/png\" \/>\n<meta name=\"twitter:card\" content=\"summary_large_image\" \/>\n<meta name=\"twitter:label1\" content=\"Est. tempo de leitura\" \/>\n\t<meta name=\"twitter:data1\" content=\"1 minuto\" \/>\n<script type=\"application\/ld+json\" class=\"yoast-schema-graph\">{\"@context\":\"https:\/\/schema.org\",\"@graph\":[{\"@type\":\"WebPage\",\"@id\":\"https:\/\/truckcenternet.com.br\/site2\/product\/adaptador-para-cambao\/\",\"url\":\"https:\/\/truckcenternet.com.br\/site2\/product\/adaptador-para-cambao\/\",\"name\":\"Adaptador para Camb\u00e3o - TRUCKCENTER\",\"isPartOf\":{\"@id\":\"https:\/\/truckcenternet.com.br\/site2\/#website\"},\"datePublished\":\"2023-11-25T16:21:01+00:00\",\"dateModified\":\"2024-01-10T21:20:53+00:00\",\"breadcrumb\":{\"@id\":\"https:\/\/truckcenternet.com.br\/site2\/product\/adaptador-para-cambao\/#breadcrumb\"},\"inLanguage\":\"pt-BR\",\"potentialAction\":[{\"@type\":\"ReadAction\",\"target\":[\"https:\/\/truckcenternet.com.br\/site2\/product\/adaptador-para-cambao\/\"]}]},{\"@type\":\"BreadcrumbList\",\"@id\":\"https:\/\/truckcenternet.com.br\/site2\/product\/adaptador-para-cambao\/#breadcrumb\",\"itemListElement\":[{\"@type\":\"ListItem\",\"position\":1,\"name\":\"In\u00edcio\",\"item\":\"https:\/\/truckcenternet.com.br\/site2\/\"},{\"@type\":\"ListItem\",\"position\":2,\"name\":\"Shop\",\"item\":\"https:\/\/truckcenternet.com.br\/site2\/shop\/\"},{\"@type\":\"ListItem\",\"position\":3,\"name\":\"Adaptador para Camb\u00e3o\"}]},{\"@type\":\"WebSite\",\"@id\":\"https:\/\/truckcenternet.com.br\/site2\/#website\",\"url\":\"https:\/\/truckcenternet.com.br\/site2\/\",\"name\":\"TRUCKCENTER\",\"description\":\"\",\"publisher\":{\"@id\":\"https:\/\/truckcenternet.com.br\/site2\/#organization\"},\"potentialAction\":[{\"@type\":\"SearchAction\",\"target\":{\"@type\":\"EntryPoint\",\"urlTemplate\":\"https:\/\/truckcenternet.com.br\/site2\/?s={search_term_string}\"},\"query-input\":\"required name=search_term_string\"}],\"inLanguage\":\"pt-BR\"},{\"@type\":\"Organization\",\"@id\":\"https:\/\/truckcenternet.com.br\/site2\/#organization\",\"name\":\"TRUCKCENTER\",\"url\":\"https:\/\/truckcenternet.com.br\/site2\/\",\"logo\":{\"@type\":\"ImageObject\",\"inLanguage\":\"pt-BR\",\"@id\":\"https:\/\/truckcenternet.com.br\/site2\/#\/schema\/logo\/image\/\",\"url\":\"https:\/\/truckcenternet.com.br\/site2\/wp-content\/uploads\/2023\/08\/logo-1.png\",\"contentUrl\":\"https:\/\/truckcenternet.com.br\/site2\/wp-content\/uploads\/2023\/08\/logo-1.png\",\"width\":670,\"height\":198,\"caption\":\"TRUCKCENTER\"},\"image\":{\"@id\":\"https:\/\/truckcenternet.com.br\/site2\/#\/schema\/logo\/image\/\"},\"sameAs\":[\"https:\/\/www.facebook.com\/TruckCenterEquipamentos\",\"https:\/\/www.instagram.com\/truckcenter_br\/\",\"https:\/\/br.linkedin.com\/company\/truckcenter\",\"https:\/\/www.youtube.com\/@TruckCenterTV\"]}]}<\/script>\n<!-- \/ Yoast SEO plugin. -->","yoast_head_json":{"title":"Adaptador para Camb\u00e3o - TRUCKCENTER","robots":{"index":"index","follow":"follow","max-snippet":"max-snippet:-1","max-image-preview":"max-image-preview:large","max-video-preview":"max-video-preview:-1"},"canonical":"https:\/\/truckcenternet.com.br\/site2\/product\/adaptador-para-cambao\/","og_locale":"pt_BR","og_type":"article","og_title":"Adaptador para Camb\u00e3o - TRUCKCENTER","og_description":"Serve para acoplar a r\u00e9gua auto centrante ao olhal de camb\u00e3o em carretas julieta e dolly.","og_url":"https:\/\/truckcenternet.com.br\/site2\/product\/adaptador-para-cambao\/","og_site_name":"TRUCKCENTER","article_publisher":"https:\/\/www.facebook.com\/TruckCenterEquipamentos","article_modified_time":"2024-01-10T21:20:53+00:00","og_image":[{"width":1000,"height":1000,"url":"https:\/\/truckcenternet.com.br\/site2\/wp-content\/uploads\/2023\/11\/adp-para-cambao.png","type":"image\/png"}],"twitter_card":"summary_large_image","twitter_misc":{"Est. tempo de leitura":"1 minuto"},"schema":{"@context":"https:\/\/schema.org","@graph":[{"@type":"WebPage","@id":"https:\/\/truckcenternet.com.br\/site2\/product\/adaptador-para-cambao\/","url":"https:\/\/truckcenternet.com.br\/site2\/product\/adaptador-para-cambao\/","name":"Adaptador para Camb\u00e3o - TRUCKCENTER","isPartOf":{"@id":"https:\/\/truckcenternet.com.br\/site2\/#website"},"datePublished":"2023-11-25T16:21:01+00:00","dateModified":"2024-01-10T21:20:53+00:00","breadcrumb":{"@id":"https:\/\/truckcenternet.com.br\/site2\/product\/adaptador-para-cambao\/#breadcrumb"},"inLanguage":"pt-BR","potentialAction":[{"@type":"ReadAction","target":["https:\/\/truckcenternet.com.br\/site2\/product\/adaptador-para-cambao\/"]}]},{"@type":"BreadcrumbList","@id":"https:\/\/truckcenternet.com.br\/site2\/product\/adaptador-para-cambao\/#breadcrumb","itemListElement":[{"@type":"ListItem","position":1,"name":"In\u00edcio","item":"https:\/\/truckcenternet.com.br\/site2\/"},{"@type":"ListItem","position":2,"name":"Shop","item":"https:\/\/truckcenternet.com.br\/site2\/shop\/"},{"@type":"ListItem","position":3,"name":"Adaptador para Camb\u00e3o"}]},{"@type":"WebSite","@id":"https:\/\/truckcenternet.com.br\/site2\/#website","url":"https:\/\/truckcenternet.com.br\/site2\/","name":"TRUCKCENTER","description":"","publisher":{"@id":"https:\/\/truckcenternet.com.br\/site2\/#organization"},"potentialAction":[{"@type":"SearchAction","target":{"@type":"EntryPoint","urlTemplate":"https:\/\/truckcenternet.com.br\/site2\/?s={search_term_string}"},"query-input":"required name=search_term_string"}],"inLanguage":"pt-BR"},{"@type":"Organization","@id":"https:\/\/truckcenternet.com.br\/site2\/#organization","name":"TRUCKCENTER","url":"https:\/\/truckcenternet.com.br\/site2\/","logo":{"@type":"ImageObject","inLanguage":"pt-BR","@id":"https:\/\/truckcenternet.com.br\/site2\/#\/schema\/logo\/image\/","url":"https:\/\/truckcenternet.com.br\/site2\/wp-content\/uploads\/2023\/08\/logo-1.png","contentUrl":"https:\/\/truckcenternet.com.br\/site2\/wp-content\/uploads\/2023\/08\/logo-1.png","width":670,"height":198,"caption":"TRUCKCENTER"},"image":{"@id":"https:\/\/truckcenternet.com.br\/site2\/#\/schema\/logo\/image\/"},"sameAs":["https:\/\/www.facebook.com\/TruckCenterEquipamentos","https:\/\/www.instagram.com\/truckcenter_br\/","https:\/\/br.linkedin.com\/company\/truckcenter","https:\/\/www.youtube.com\/@TruckCenterTV"]}]}},"_links":{"self":[{"href":"https:\/\/truckcenternet.com.br\/site2\/wp-json\/wp\/v2\/product\/167427","targetHints":{"allow":["GET"]}}],"collection":[{"href":"https:\/\/truckcenternet.com.br\/site2\/wp-json\/wp\/v2\/product"}],"about":[{"href":"https:\/\/truckcenternet.com.br\/site2\/wp-json\/wp\/v2\/types\/product"}],"replies":[{"embeddable":true,"href":"https:\/\/truckcenternet.com.br\/site2\/wp-json\/wp\/v2\/comments?post=167427"}],"wp:featuredmedia":[{"embeddable":true,"href":"https:\/\/truckcenternet.com.br\/site2\/wp-json\/wp\/v2\/media\/168446"}],"wp:attachment":[{"href":"https:\/\/truckcenternet.com.br\/site2\/wp-json\/wp\/v2\/media?parent=167427"}],"wp:term":[{"taxonomy":"product_cat","embeddable":true,"href":"https:\/\/truckcenternet.com.br\/site2\/wp-json\/wp\/v2\/product_cat?post=167427"},{"taxonomy":"product_tag","embeddable":true,"href":"https:\/\/truckcenternet.com.br\/site2\/wp-json\/wp\/v2\/product_tag?post=167427"}],"curies":[{"name":"wp","href":"https:\/\/api.w.org\/{rel}","templated":true}]}}