{"id":1505,"date":"2023-11-13T08:55:37","date_gmt":"2023-11-13T11:55:37","guid":{"rendered":"https:\/\/truckcenternet.com.br\/site2\/?page_id=1505"},"modified":"2024-01-02T17:12:42","modified_gmt":"2024-01-02T20:12:42","slug":"comercial","status":"publish","type":"page","link":"https:\/\/truckcenternet.com.br\/site2\/comercial\/","title":{"rendered":"Comercial"},"content":{"rendered":"\t\t<div data-elementor-type=\"wp-page\" data-elementor-id=\"1505\" class=\"elementor elementor-1505\" data-elementor-post-type=\"page\">\n\t\t\t\t\t\t<section class=\"elementor-section elementor-top-section elementor-element elementor-element-f1e7609 elementor-section-full_width elementor-section-height-default elementor-section-height-default wpr-particle-no wpr-jarallax-no wpr-parallax-no wpr-sticky-section-no\" data-id=\"f1e7609\" data-element_type=\"section\" data-settings=\"{&quot;background_background&quot;:&quot;classic&quot;}\">\n\t\t\t\t\t\t<div class=\"elementor-container elementor-column-gap-default\">\n\t\t\t\t\t<div class=\"elementor-column elementor-col-100 elementor-top-column elementor-element elementor-element-5f40db3\" data-id=\"5f40db3\" data-element_type=\"column\">\n\t\t\t<div class=\"elementor-widget-wrap elementor-element-populated\">\n\t\t\t\t\t\t<div class=\"elementor-element elementor-element-2102ba9 elementor-widget elementor-widget-spacer\" data-id=\"2102ba9\" data-element_type=\"widget\" data-widget_type=\"spacer.default\">\n\t\t\t\t<div class=\"elementor-widget-container\">\n\t\t\t<style>\/*! elementor - v3.19.0 - 07-02-2024 *\/\n.elementor-column .elementor-spacer-inner{height:var(--spacer-size)}.e-con{--container-widget-width:100%}.e-con-inner>.elementor-widget-spacer,.e-con>.elementor-widget-spacer{width:var(--container-widget-width,var(--spacer-size));--align-self:var(--container-widget-align-self,initial);--flex-shrink:0}.e-con-inner>.elementor-widget-spacer>.elementor-widget-container,.e-con>.elementor-widget-spacer>.elementor-widget-container{height:100%;width:100%}.e-con-inner>.elementor-widget-spacer>.elementor-widget-container>.elementor-spacer,.e-con>.elementor-widget-spacer>.elementor-widget-container>.elementor-spacer{height:100%}.e-con-inner>.elementor-widget-spacer>.elementor-widget-container>.elementor-spacer>.elementor-spacer-inner,.e-con>.elementor-widget-spacer>.elementor-widget-container>.elementor-spacer>.elementor-spacer-inner{height:var(--container-widget-height,var(--spacer-size))}.e-con-inner>.elementor-widget-spacer.elementor-widget-empty,.e-con>.elementor-widget-spacer.elementor-widget-empty{position:relative;min-height:22px;min-width:22px}.e-con-inner>.elementor-widget-spacer.elementor-widget-empty .elementor-widget-empty-icon,.e-con>.elementor-widget-spacer.elementor-widget-empty .elementor-widget-empty-icon{position:absolute;top:0;bottom:0;left:0;right:0;margin:auto;padding:0;width:22px;height:22px}<\/style>\t\t<div class=\"elementor-spacer\">\n\t\t\t<div class=\"elementor-spacer-inner\"><\/div>\n\t\t<\/div>\n\t\t\t\t<\/div>\n\t\t\t\t<\/div>\n\t\t\t\t\t<\/div>\n\t\t<\/div>\n\t\t\t\t\t<\/div>\n\t\t<\/section>\n\t\t\t\t<section class=\"elementor-section elementor-top-section elementor-element elementor-element-71cfee8 elementor-section-boxed elementor-section-height-default elementor-section-height-default wpr-particle-no wpr-jarallax-no wpr-parallax-no wpr-sticky-section-no\" data-id=\"71cfee8\" data-element_type=\"section\">\n\t\t\t\t\t\t<div class=\"elementor-container elementor-column-gap-default\">\n\t\t\t\t\t<div class=\"elementor-column elementor-col-50 elementor-top-column elementor-element elementor-element-8a7ba92\" data-id=\"8a7ba92\" data-element_type=\"column\" data-settings=\"{&quot;background_background&quot;:&quot;classic&quot;}\">\n\t\t\t<div class=\"elementor-widget-wrap elementor-element-populated\">\n\t\t\t\t\t\t<section class=\"elementor-section elementor-inner-section elementor-element elementor-element-314fb85 elementor-section-boxed elementor-section-height-default elementor-section-height-default wpr-particle-no wpr-jarallax-no wpr-parallax-no\" data-id=\"314fb85\" data-element_type=\"section\">\n\t\t\t\t\t\t<div class=\"elementor-container elementor-column-gap-default\">\n\t\t\t\t\t<div class=\"elementor-column elementor-col-100 elementor-inner-column elementor-element elementor-element-ea03289\" data-id=\"ea03289\" data-element_type=\"column\">\n\t\t\t<div class=\"elementor-widget-wrap elementor-element-populated\">\n\t\t\t\t\t\t<div class=\"elementor-element elementor-element-e1f8ec4 elementor-widget__width-auto elementor-widget elementor-widget-heading\" data-id=\"e1f8ec4\" data-element_type=\"widget\" data-widget_type=\"heading.default\">\n\t\t\t\t<div class=\"elementor-widget-container\">\n\t\t\t<style>\/*! elementor - v3.19.0 - 07-02-2024 *\/\n.elementor-heading-title{padding:0;margin:0;line-height:1}.elementor-widget-heading .elementor-heading-title[class*=elementor-size-]>a{color:inherit;font-size:inherit;line-height:inherit}.elementor-widget-heading .elementor-heading-title.elementor-size-small{font-size:15px}.elementor-widget-heading .elementor-heading-title.elementor-size-medium{font-size:19px}.elementor-widget-heading .elementor-heading-title.elementor-size-large{font-size:29px}.elementor-widget-heading .elementor-heading-title.elementor-size-xl{font-size:39px}.elementor-widget-heading .elementor-heading-title.elementor-size-xxl{font-size:59px}<\/style><h2 class=\"elementor-heading-title elementor-size-default\">COMERCIAL<\/h2>\t\t<\/div>\n\t\t\t\t<\/div>\n\t\t\t\t<div class=\"elementor-element elementor-element-5bd7784 elementor-widget elementor-widget-text-editor\" data-id=\"5bd7784\" data-element_type=\"widget\" data-widget_type=\"text-editor.default\">\n\t\t\t\t<div class=\"elementor-widget-container\">\n\t\t\t<style>\/*! elementor - v3.19.0 - 07-02-2024 *\/\n.elementor-widget-text-editor.elementor-drop-cap-view-stacked .elementor-drop-cap{background-color:#69727d;color:#fff}.elementor-widget-text-editor.elementor-drop-cap-view-framed .elementor-drop-cap{color:#69727d;border:3px solid;background-color:transparent}.elementor-widget-text-editor:not(.elementor-drop-cap-view-default) .elementor-drop-cap{margin-top:8px}.elementor-widget-text-editor:not(.elementor-drop-cap-view-default) .elementor-drop-cap-letter{width:1em;height:1em}.elementor-widget-text-editor .elementor-drop-cap{float:left;text-align:center;line-height:1;font-size:50px}.elementor-widget-text-editor .elementor-drop-cap-letter{display:inline-block}<\/style>\t\t\t\t<p>Preencha o formul\u00e1rio para solicitar or\u00e7amento ao nosso setor de vendas.<\/p><p>Ap\u00f3s preencher, confirme se o envio foi realizado com sucesso!<\/p><p>E agora \u00e9 s\u00f3 aguardar, em breve um de nossos vendedores entrara em contato!<\/p><p>Enquanto aguarda, aproveite para conferir nossos demais modelos de equipamentos, basta clicar em \u201ccontinuar vendo produtos\u201d.<\/p>\t\t\t\t\t\t<\/div>\n\t\t\t\t<\/div>\n\t\t\t\t\t<\/div>\n\t\t<\/div>\n\t\t\t\t\t<\/div>\n\t\t<\/section>\n\t\t\t\t\t<\/div>\n\t\t<\/div>\n\t\t\t\t<div class=\"elementor-column elementor-col-50 elementor-top-column elementor-element elementor-element-a25be46\" data-id=\"a25be46\" data-element_type=\"column\" data-settings=\"{&quot;background_background&quot;:&quot;classic&quot;}\">\n\t\t\t<div class=\"elementor-widget-wrap elementor-element-populated\">\n\t\t\t\t\t\t<div class=\"elementor-element elementor-element-91d21e5 elementor-widget elementor-widget-html\" data-id=\"91d21e5\" data-element_type=\"widget\" data-widget_type=\"html.default\">\n\t\t\t\t<div class=\"elementor-widget-container\">\n\t\t\t\r\n<script type=\"text\/javascript\">\r\n\r\n\r\njQuery.getScript(\"https:\/\/cdnjs.cloudflare.com\/ajax\/libs\/jquery.maskedinput\/1.4.1\/jquery.maskedinput.min.js\", function(){\r\njQuery(\"[name*=telefone], [name*=celular]\").mask(\"(99) 99999999?9\");\r\njQuery(\"[name*=cnpj]\").mask(\"99.999.999\/9999-99\");\r\n});\r\nvar pad_top = \"10px\";\r\njQuery(\"[name*=como-ficou-sabendo]\").css(\"padding-top\",pad_top);\r\n<\/script>\t\t<\/div>\n\t\t\t\t<\/div>\n\t\t\t\t<div class=\"elementor-element elementor-element-a358739 elementor-widget elementor-widget-shortcode\" data-id=\"a358739\" data-element_type=\"widget\" data-widget_type=\"shortcode.default\">\n\t\t\t\t<div class=\"elementor-widget-container\">\n\t\t\t\t\t<div class=\"elementor-shortcode\">\n<div class=\"wpcf7 no-js\" id=\"wpcf7-f2885-o1\" lang=\"en-US\" dir=\"ltr\">\n<div class=\"screen-reader-response\"><p role=\"status\" aria-live=\"polite\" aria-atomic=\"true\"><\/p> <ul><\/ul><\/div>\n<form action=\"\/site2\/wp-json\/wp\/v2\/pages\/1505#wpcf7-f2885-o1\" method=\"post\" class=\"wpcf7-form init\" aria-label=\"Contact form\" novalidate=\"novalidate\" data-status=\"init\">\n<div style=\"display: none;\">\n<input type=\"hidden\" name=\"_wpcf7\" value=\"2885\" \/>\n<input type=\"hidden\" name=\"_wpcf7_version\" value=\"5.8.7\" \/>\n<input type=\"hidden\" name=\"_wpcf7_locale\" value=\"en_US\" \/>\n<input type=\"hidden\" name=\"_wpcf7_unit_tag\" value=\"wpcf7-f2885-o1\" \/>\n<input type=\"hidden\" name=\"_wpcf7_container_post\" value=\"0\" \/>\n<input type=\"hidden\" name=\"_wpcf7_posted_data_hash\" value=\"\" \/>\n<\/div>\n<div class=\"row\">\n\t<div class=\"col-sm-12\">\n\t\t<p><span class=\"wpcf7-form-control-wrap\" data-name=\"nome\"><input size=\"40\" class=\"wpcf7-form-control wpcf7-text wpcf7-validates-as-required\" aria-required=\"true\" aria-invalid=\"false\" placeholder=\"Nome*\" value=\"\" type=\"text\" name=\"nome\" \/><\/span>\n\t\t<\/p>\n\t<\/div>\n\t<div class=\"col-sm-12\">\n\t\t<p><span class=\"wpcf7-form-control-wrap\" data-name=\"empresa\"><input size=\"40\" class=\"wpcf7-form-control wpcf7-text\" aria-invalid=\"false\" placeholder=\"Empresa\" value=\"\" type=\"text\" name=\"empresa\" \/><\/span>\n\t\t<\/p>\n\t<\/div>\n\t<div class=\"col-sm-12\">\n\t\t<p><span class=\"wpcf7-form-control-wrap\" data-name=\"segmento-empresa\"><select class=\"wpcf7-form-control wpcf7-select wpcf7-validates-as-required\" aria-required=\"true\" aria-invalid=\"false\" name=\"segmento-empresa\"><option value=\"Segmento da empresa*\">Segmento da empresa*<\/option><option value=\"Auto Center\">Auto Center<\/option><option value=\"Concession\u00e1ria\">Concession\u00e1ria<\/option><option value=\"Empresa de \u00d4nibus\">Empresa de \u00d4nibus<\/option><option value=\"Ind\u00fastria automotiva\">Ind\u00fastria automotiva<\/option><option value=\"Ind\u00fastria de Pneum\u00e1ticos\">Ind\u00fastria de Pneum\u00e1ticos<\/option><option value=\"Oficina mec\u00e2nica\">Oficina mec\u00e2nica<\/option><option value=\"Transportadora\">Transportadora<\/option><option value=\"Truck Center\">Truck Center<\/option><option value=\"Usina\">Usina<\/option><\/select><\/span>\n\t\t<\/p>\n\t<\/div>\n\t<div class=\"col-sm-12\">\n\t\t<p><span class=\"wpcf7-form-control-wrap\" data-name=\"cnpj\"><input size=\"40\" class=\"wpcf7-form-control wpcf7-text wpcf7-validates-as-required\" aria-required=\"true\" aria-invalid=\"false\" placeholder=\"CNPJ*\" value=\"\" type=\"text\" name=\"cnpj\" \/><\/span>\n\t\t<\/p>\n\t<\/div>\n\t<div class=\"col-sm-12\">\n\t\t<p><span class=\"wpcf7-form-control-wrap\" data-name=\"email\"><input size=\"40\" class=\"wpcf7-form-control wpcf7-email wpcf7-validates-as-required wpcf7-text wpcf7-validates-as-email\" aria-required=\"true\" aria-invalid=\"false\" placeholder=\"E-mail*\" value=\"\" type=\"email\" name=\"email\" \/><\/span>\n\t\t<\/p>\n\t<\/div>\n<\/div>\n<div class=\"row\">\n\t<div class=\"col-tel\">\n\t\t<p id = \"telef\" ><span class=\"wpcf7-form-control-wrap\" data-name=\"telefone\"><input size=\"40\" class=\"wpcf7-form-control wpcf7-tel wpcf7-validates-as-required wpcf7-text wpcf7-validates-as-tel\" aria-required=\"true\" aria-invalid=\"false\" placeholder=\"Telefone*\" value=\"\" type=\"tel\" name=\"telefone\" \/><\/span>\n\t\t<\/p>\n\t<\/div>\n\t<div class=\"col-cel\">\n\t\t<p><span class=\"wpcf7-form-control-wrap\" data-name=\"celular\"><input size=\"40\" class=\"wpcf7-form-control wpcf7-tel wpcf7-validates-as-required wpcf7-text wpcf7-validates-as-tel\" aria-required=\"true\" aria-invalid=\"false\" placeholder=\"Celular*\" value=\"\" type=\"tel\" name=\"celular\" \/><\/span>\n\t\t<\/p>\n\t<\/div>\n<\/div>\n<div class=\"row\">\n\t<div class=\"col-cidade\">\n\t\t<p><span class=\"wpcf7-form-control-wrap\" data-name=\"cidade\"><input size=\"40\" class=\"wpcf7-form-control wpcf7-text wpcf7-validates-as-required\" aria-required=\"true\" aria-invalid=\"false\" placeholder=\"Cidade*\" value=\"\" type=\"text\" name=\"cidade\" \/><\/span>\n\t\t<\/p>\n\t<\/div>\n\t<div class=\"col-estado\">\n\t\t<p><span class=\"wpcf7-form-control-wrap\" data-name=\"estado\"><select class=\"wpcf7-form-control wpcf7-select wpcf7-validates-as-required\" aria-required=\"true\" aria-invalid=\"false\" name=\"estado\"><option value=\"UF*\">UF*<\/option><option value=\"Acre\">Acre<\/option><option value=\"Alagoas\">Alagoas<\/option><option value=\"Amap\u00e1\">Amap\u00e1<\/option><option value=\"Amazonas\">Amazonas<\/option><option value=\"Bahia\">Bahia<\/option><option value=\"Cear\u00e1\">Cear\u00e1<\/option><option value=\"Distrito Federal\">Distrito Federal<\/option><option value=\"Esp\u00edrito Santo\">Esp\u00edrito Santo<\/option><option value=\"Goi\u00e1s\">Goi\u00e1s<\/option><option value=\"Maranh\u00e3o\">Maranh\u00e3o<\/option><option value=\"Mato Grosso\">Mato Grosso<\/option><option value=\"Mato Grosso do Sul\">Mato Grosso do Sul<\/option><option value=\"Minas Gerais\">Minas Gerais<\/option><option value=\"Par\u00e1\">Par\u00e1<\/option><option value=\"Para\u00edba\">Para\u00edba<\/option><option value=\"Paran\u00e1\">Paran\u00e1<\/option><option value=\"Pernambuco\">Pernambuco<\/option><option value=\"Piau\u00ed\">Piau\u00ed<\/option><option value=\"Rio de Janeiro\">Rio de Janeiro<\/option><option value=\"Rio Grande do Norte\">Rio Grande do Norte<\/option><option value=\"Rio Grande do Sul\">Rio Grande do Sul<\/option><option value=\"Rond\u00f4nia\">Rond\u00f4nia<\/option><option value=\"Roraima\">Roraima<\/option><option value=\"Santa Catarina\">Santa Catarina<\/option><option value=\"S\u00e3o Paulo\">S\u00e3o Paulo<\/option><option value=\"Sergipe\">Sergipe<\/option><option value=\"Tocantins\">Tocantins<\/option><\/select><\/span>\n\t\t<\/p>\n\t<\/div>\n<\/div>\n<div class=\"row\">\n\t<div class=\"col-sm-12\">\n\t\t<p><span class=\"wpcf7-form-control-wrap\" data-name=\"pais\"><input size=\"40\" class=\"wpcf7-form-control wpcf7-text wpcf7-validates-as-required\" aria-required=\"true\" aria-invalid=\"false\" placeholder=\"Pa\u00eds*\" value=\"\" type=\"text\" name=\"pais\" \/><\/span>\n\t\t<\/p>\n\t<\/div>\n<\/div>\n<div class=\"row\">\n\t<div class=\"col-interesse\">\n\t\t<p>Equipamentos de interesse<br \/>\n<span class=\"wpcf7-form-control-wrap\" data-name=\"equipamentos-interesse\"><span class=\"wpcf7-form-control wpcf7-checkbox\"><span class=\"wpcf7-list-item first\"><label><input type=\"checkbox\" name=\"equipamentos-interesse[]\" value=\"Linha Leve\" \/><span class=\"wpcf7-list-item-label\">Linha Leve<\/span><\/label><\/span><span class=\"wpcf7-list-item\"><label><input type=\"checkbox\" name=\"equipamentos-interesse[]\" value=\"Linha Pesada\" \/><span class=\"wpcf7-list-item-label\">Linha Pesada<\/span><\/label><\/span><span class=\"wpcf7-list-item\"><label><input type=\"checkbox\" name=\"equipamentos-interesse[]\" value=\"Software\" \/><span class=\"wpcf7-list-item-label\">Software<\/span><\/label><\/span><span class=\"wpcf7-list-item last\"><label><input type=\"checkbox\" name=\"equipamentos-interesse[]\" value=\"Treinamentos\/Cursos\" \/><span class=\"wpcf7-list-item-label\">Treinamentos\/Cursos<\/span><\/label><\/span><\/span><\/span>\n\t\t<\/p>\n\t<\/div>\n\t<div class=\"col-sabendo\">\n\t\t<p><span class=\"wpcf7-form-control-wrap\" data-name=\"como-ficou-sabendo\"><select class=\"wpcf7-form-control wpcf7-select wpcf7-validates-as-required\" aria-required=\"true\" aria-invalid=\"false\" name=\"como-ficou-sabendo\"><option value=\"Como ficou sabendo da Truck Center*\">Como ficou sabendo da Truck Center*<\/option><option value=\"Busca no Google\">Busca no Google<\/option><option value=\"An\u00fancio no Google\">An\u00fancio no Google<\/option><option value=\"Facebook\">Facebook<\/option><option value=\"Instagram\">Instagram<\/option><option value=\"Youtube\">Youtube<\/option><option value=\"Indica\u00e7\u00e3o\">Indica\u00e7\u00e3o<\/option><option value=\"Outros\">Outros<\/option><\/select><\/span>\n\t\t<\/p>\n\t<\/div>\n\t<div class=\"col-sm-12\">\n\t\t<p><span class=\"wpcf7-form-control-wrap\" data-name=\"qual\"><input size=\"40\" class=\"wpcf7-form-control wpcf7-text\" aria-invalid=\"false\" placeholder=\"Outro? Qual?\" value=\"\" type=\"text\" name=\"qual\" \/><\/span>\n\t\t<\/p>\n\t<\/div>\n\t<div class=\"col-sm-12\">\n\t\t<p><span class=\"wpcf7-form-control-wrap\" data-name=\"assunto\"><input size=\"40\" class=\"wpcf7-form-control wpcf7-text wpcf7-validates-as-required\" aria-required=\"true\" aria-invalid=\"false\" placeholder=\"Assunto*\" value=\"\" type=\"text\" name=\"assunto\" \/><\/span>\n\t\t<\/p>\n\t<\/div>\n\t<div class=\"col-sm-12\">\n\t\t<p><span class=\"wpcf7-form-control-wrap\" data-name=\"mensagem\"><textarea cols=\"40\" rows=\"10\" class=\"wpcf7-form-control wpcf7-textarea wpcf7-validates-as-required\" aria-required=\"true\" aria-invalid=\"false\" placeholder=\"Mensagem*\" name=\"mensagem\"><\/textarea><\/span>\n\t\t<\/p>\n\t<\/div>\n\t<div class=\"col-sm-12 text-right\">\n\t\t<p><input class=\"wpcf7-form-control wpcf7-submit has-spinner pull-right\" type=\"submit\" value=\"Enviar\" \/><br \/>\n*Campos obrigat\u00f3rios.\n\t\t<\/p>\n\t<\/div>\n<\/div><div class=\"wpcf7-response-output\" aria-hidden=\"true\"><\/div>\n<\/form>\n<\/div>\n<\/div>\n\t\t\t\t<\/div>\n\t\t\t\t<\/div>\n\t\t\t\t<div class=\"elementor-element elementor-element-76474fe elementor-align-center elementor-widget elementor-widget-button\" data-id=\"76474fe\" data-element_type=\"widget\" data-widget_type=\"button.default\">\n\t\t\t\t<div class=\"elementor-widget-container\">\n\t\t\t\t\t<div class=\"elementor-button-wrapper\">\n\t\t\t<a class=\"elementor-button elementor-button-link elementor-size-sm\" href=\"https:\/\/truckcenternet.com.br\/site2\/produtos\/\">\n\t\t\t\t\t\t<span class=\"elementor-button-content-wrapper\">\n\t\t\t\t\t\t<span class=\"elementor-button-text\">Continuar Vendo Produtos<\/span>\n\t\t<\/span>\n\t\t\t\t\t<\/a>\n\t\t<\/div>\n\t\t\t\t<\/div>\n\t\t\t\t<\/div>\n\t\t\t\t\t<\/div>\n\t\t<\/div>\n\t\t\t\t\t<\/div>\n\t\t<\/section>\n\t\t\t\t<\/div>\n\t\t","protected":false},"excerpt":{"rendered":"<p>COMERCIAL Preencha o formul\u00e1rio para solicitar or\u00e7amento ao nosso setor de vendas. Ap\u00f3s preencher, confirme se o envio foi realizado com sucesso! E agora \u00e9 s\u00f3 aguardar, em breve um de nossos vendedores entrara em contato! Enquanto aguarda, aproveite para conferir nossos demais modelos de equipamentos, basta clicar em \u201ccontinuar vendo produtos\u201d. Continuar Vendo Produtos<\/p>\n","protected":false},"author":1,"featured_media":0,"parent":0,"menu_order":0,"comment_status":"closed","ping_status":"closed","template":"","meta":{"inline_featured_image":false,"footnotes":""},"class_list":["post-1505","page","type-page","status-publish","hentry"],"yoast_head":"<!-- This site is optimized with the Yoast SEO plugin v22.0 - https:\/\/yoast.com\/wordpress\/plugins\/seo\/ -->\n<title>Comercial - TRUCKCENTER<\/title>\n<meta name=\"robots\" content=\"index, follow, max-snippet:-1, max-image-preview:large, max-video-preview:-1\" \/>\n<link rel=\"canonical\" href=\"https:\/\/truckcenternet.com.br\/site2\/comercial\/\" \/>\n<meta property=\"og:locale\" content=\"pt_BR\" \/>\n<meta property=\"og:type\" content=\"article\" \/>\n<meta property=\"og:title\" content=\"Comercial - TRUCKCENTER\" \/>\n<meta property=\"og:description\" content=\"COMERCIAL Preencha o formul\u00e1rio para solicitar or\u00e7amento ao nosso setor de vendas. Ap\u00f3s preencher, confirme se o envio foi realizado com sucesso! E agora \u00e9 s\u00f3 aguardar, em breve um de nossos vendedores entrara em contato! Enquanto aguarda, aproveite para conferir nossos demais modelos de equipamentos, basta clicar em \u201ccontinuar vendo produtos\u201d. Continuar Vendo Produtos\" \/>\n<meta property=\"og:url\" content=\"https:\/\/truckcenternet.com.br\/site2\/comercial\/\" \/>\n<meta property=\"og:site_name\" content=\"TRUCKCENTER\" \/>\n<meta property=\"article:publisher\" content=\"https:\/\/www.facebook.com\/TruckCenterEquipamentos\" \/>\n<meta property=\"article:modified_time\" content=\"2024-01-02T20:12:42+00:00\" \/>\n<meta name=\"twitter:card\" content=\"summary_large_image\" \/>\n<meta name=\"twitter:label1\" content=\"Est. tempo de leitura\" \/>\n\t<meta name=\"twitter:data1\" content=\"1 minuto\" \/>\n<script type=\"application\/ld+json\" class=\"yoast-schema-graph\">{\"@context\":\"https:\/\/schema.org\",\"@graph\":[{\"@type\":\"WebPage\",\"@id\":\"https:\/\/truckcenternet.com.br\/site2\/comercial\/\",\"url\":\"https:\/\/truckcenternet.com.br\/site2\/comercial\/\",\"name\":\"Comercial - TRUCKCENTER\",\"isPartOf\":{\"@id\":\"https:\/\/truckcenternet.com.br\/site2\/#website\"},\"datePublished\":\"2023-11-13T11:55:37+00:00\",\"dateModified\":\"2024-01-02T20:12:42+00:00\",\"breadcrumb\":{\"@id\":\"https:\/\/truckcenternet.com.br\/site2\/comercial\/#breadcrumb\"},\"inLanguage\":\"pt-BR\",\"potentialAction\":[{\"@type\":\"ReadAction\",\"target\":[\"https:\/\/truckcenternet.com.br\/site2\/comercial\/\"]}]},{\"@type\":\"BreadcrumbList\",\"@id\":\"https:\/\/truckcenternet.com.br\/site2\/comercial\/#breadcrumb\",\"itemListElement\":[{\"@type\":\"ListItem\",\"position\":1,\"name\":\"In\u00edcio\",\"item\":\"https:\/\/truckcenternet.com.br\/site2\/\"},{\"@type\":\"ListItem\",\"position\":2,\"name\":\"Comercial\"}]},{\"@type\":\"WebSite\",\"@id\":\"https:\/\/truckcenternet.com.br\/site2\/#website\",\"url\":\"https:\/\/truckcenternet.com.br\/site2\/\",\"name\":\"TRUCKCENTER\",\"description\":\"\",\"publisher\":{\"@id\":\"https:\/\/truckcenternet.com.br\/site2\/#organization\"},\"potentialAction\":[{\"@type\":\"SearchAction\",\"target\":{\"@type\":\"EntryPoint\",\"urlTemplate\":\"https:\/\/truckcenternet.com.br\/site2\/?s={search_term_string}\"},\"query-input\":\"required name=search_term_string\"}],\"inLanguage\":\"pt-BR\"},{\"@type\":\"Organization\",\"@id\":\"https:\/\/truckcenternet.com.br\/site2\/#organization\",\"name\":\"TRUCKCENTER\",\"url\":\"https:\/\/truckcenternet.com.br\/site2\/\",\"logo\":{\"@type\":\"ImageObject\",\"inLanguage\":\"pt-BR\",\"@id\":\"https:\/\/truckcenternet.com.br\/site2\/#\/schema\/logo\/image\/\",\"url\":\"https:\/\/truckcenternet.com.br\/site2\/wp-content\/uploads\/2023\/08\/logo-1.png\",\"contentUrl\":\"https:\/\/truckcenternet.com.br\/site2\/wp-content\/uploads\/2023\/08\/logo-1.png\",\"width\":670,\"height\":198,\"caption\":\"TRUCKCENTER\"},\"image\":{\"@id\":\"https:\/\/truckcenternet.com.br\/site2\/#\/schema\/logo\/image\/\"},\"sameAs\":[\"https:\/\/www.facebook.com\/TruckCenterEquipamentos\",\"https:\/\/www.instagram.com\/truckcenter_br\/\",\"https:\/\/br.linkedin.com\/company\/truckcenter\",\"https:\/\/www.youtube.com\/@TruckCenterTV\"]}]}<\/script>\n<!-- \/ Yoast SEO plugin. -->","yoast_head_json":{"title":"Comercial - TRUCKCENTER","robots":{"index":"index","follow":"follow","max-snippet":"max-snippet:-1","max-image-preview":"max-image-preview:large","max-video-preview":"max-video-preview:-1"},"canonical":"https:\/\/truckcenternet.com.br\/site2\/comercial\/","og_locale":"pt_BR","og_type":"article","og_title":"Comercial - TRUCKCENTER","og_description":"COMERCIAL Preencha o formul\u00e1rio para solicitar or\u00e7amento ao nosso setor de vendas. Ap\u00f3s preencher, confirme se o envio foi realizado com sucesso! E agora \u00e9 s\u00f3 aguardar, em breve um de nossos vendedores entrara em contato! Enquanto aguarda, aproveite para conferir nossos demais modelos de equipamentos, basta clicar em \u201ccontinuar vendo produtos\u201d. Continuar Vendo Produtos","og_url":"https:\/\/truckcenternet.com.br\/site2\/comercial\/","og_site_name":"TRUCKCENTER","article_publisher":"https:\/\/www.facebook.com\/TruckCenterEquipamentos","article_modified_time":"2024-01-02T20:12:42+00:00","twitter_card":"summary_large_image","twitter_misc":{"Est. tempo de leitura":"1 minuto"},"schema":{"@context":"https:\/\/schema.org","@graph":[{"@type":"WebPage","@id":"https:\/\/truckcenternet.com.br\/site2\/comercial\/","url":"https:\/\/truckcenternet.com.br\/site2\/comercial\/","name":"Comercial - TRUCKCENTER","isPartOf":{"@id":"https:\/\/truckcenternet.com.br\/site2\/#website"},"datePublished":"2023-11-13T11:55:37+00:00","dateModified":"2024-01-02T20:12:42+00:00","breadcrumb":{"@id":"https:\/\/truckcenternet.com.br\/site2\/comercial\/#breadcrumb"},"inLanguage":"pt-BR","potentialAction":[{"@type":"ReadAction","target":["https:\/\/truckcenternet.com.br\/site2\/comercial\/"]}]},{"@type":"BreadcrumbList","@id":"https:\/\/truckcenternet.com.br\/site2\/comercial\/#breadcrumb","itemListElement":[{"@type":"ListItem","position":1,"name":"In\u00edcio","item":"https:\/\/truckcenternet.com.br\/site2\/"},{"@type":"ListItem","position":2,"name":"Comercial"}]},{"@type":"WebSite","@id":"https:\/\/truckcenternet.com.br\/site2\/#website","url":"https:\/\/truckcenternet.com.br\/site2\/","name":"TRUCKCENTER","description":"","publisher":{"@id":"https:\/\/truckcenternet.com.br\/site2\/#organization"},"potentialAction":[{"@type":"SearchAction","target":{"@type":"EntryPoint","urlTemplate":"https:\/\/truckcenternet.com.br\/site2\/?s={search_term_string}"},"query-input":"required name=search_term_string"}],"inLanguage":"pt-BR"},{"@type":"Organization","@id":"https:\/\/truckcenternet.com.br\/site2\/#organization","name":"TRUCKCENTER","url":"https:\/\/truckcenternet.com.br\/site2\/","logo":{"@type":"ImageObject","inLanguage":"pt-BR","@id":"https:\/\/truckcenternet.com.br\/site2\/#\/schema\/logo\/image\/","url":"https:\/\/truckcenternet.com.br\/site2\/wp-content\/uploads\/2023\/08\/logo-1.png","contentUrl":"https:\/\/truckcenternet.com.br\/site2\/wp-content\/uploads\/2023\/08\/logo-1.png","width":670,"height":198,"caption":"TRUCKCENTER"},"image":{"@id":"https:\/\/truckcenternet.com.br\/site2\/#\/schema\/logo\/image\/"},"sameAs":["https:\/\/www.facebook.com\/TruckCenterEquipamentos","https:\/\/www.instagram.com\/truckcenter_br\/","https:\/\/br.linkedin.com\/company\/truckcenter","https:\/\/www.youtube.com\/@TruckCenterTV"]}]}},"_links":{"self":[{"href":"https:\/\/truckcenternet.com.br\/site2\/wp-json\/wp\/v2\/pages\/1505","targetHints":{"allow":["GET"]}}],"collection":[{"href":"https:\/\/truckcenternet.com.br\/site2\/wp-json\/wp\/v2\/pages"}],"about":[{"href":"https:\/\/truckcenternet.com.br\/site2\/wp-json\/wp\/v2\/types\/page"}],"author":[{"embeddable":true,"href":"https:\/\/truckcenternet.com.br\/site2\/wp-json\/wp\/v2\/users\/1"}],"replies":[{"embeddable":true,"href":"https:\/\/truckcenternet.com.br\/site2\/wp-json\/wp\/v2\/comments?post=1505"}],"version-history":[{"count":109,"href":"https:\/\/truckcenternet.com.br\/site2\/wp-json\/wp\/v2\/pages\/1505\/revisions"}],"predecessor-version":[{"id":170007,"href":"https:\/\/truckcenternet.com.br\/site2\/wp-json\/wp\/v2\/pages\/1505\/revisions\/170007"}],"wp:attachment":[{"href":"https:\/\/truckcenternet.com.br\/site2\/wp-json\/wp\/v2\/media?parent=1505"}],"curies":[{"name":"wp","href":"https:\/\/api.w.org\/{rel}","templated":true}]}}